{"id":2814,"date":"2019-02-01T09:00:16","date_gmt":"2019-02-01T08:00:16","guid":{"rendered":"https:\/\/test-pro.hydrao.com\/solutions-pour-les-fabricants-de-sanitaires\/"},"modified":"2021-06-08T15:01:05","modified_gmt":"2021-06-08T13:01:05","slug":"sanitary-manufacturer","status":"publish","type":"page","link":"https:\/\/pro.hydrao.com\/en\/sanitary-manufacturer\/","title":{"rendered":"Sanitary manufacturer"},"content":{"rendered":"<div id=\"pl-2814\"  class=\"panel-layout\" ><div id=\"pg-2814-0\"  class=\"panel-grid panel-has-style\" ><div class=\"title-nos-solutions panel-row-style panel-row-style-for-2814-0\" ><div id=\"pgc-2814-0-0\"  class=\"panel-grid-cell\" ><div id=\"panel-2814-0-0-0\" class=\"so-panel widget widget_sow-editor panel-first-child panel-last-child\" data-index=\"0\" ><div class=\"so-widget-sow-editor so-widget-sow-editor-base\">\n<div class=\"siteorigin-widget-tinymce textwidget\">\n\t<h1 style=\"text-align: center;\">HYDRAO solutions for sanitary manufacturers<\/h1>\n<p style=\"text-align: center;\">HYDRAO Inside solutions brings smart-shower innovation to your designs.<\/p>\n<\/div>\n<\/div><\/div><\/div><\/div><\/div><div id=\"pg-2814-1\"  class=\"panel-grid panel-has-style\" ><div class=\"txt-intro-solution panel-row-style panel-row-style-for-2814-1\" ><div id=\"pgc-2814-1-0\"  class=\"panel-grid-cell\" ><div id=\"panel-2814-1-0-0\" class=\"so-panel widget widget_sow-image panel-first-child panel-last-child\" data-index=\"1\" ><div class=\"img1-solution size2 panel-widget-style panel-widget-style-for-2814-1-0-0\" ><div class=\"so-widget-sow-image so-widget-sow-image-default-d6014b76747a\">\n\n<div class=\"sow-image-container\">\n\t<img src=\"https:\/\/pro.hydrao.com\/wp-content\/uploads\/2019\/01\/img1-solution-fab-sanitaire.jpg\" width=\"472\" height=\"472\" srcset=\"https:\/\/pro.hydrao.com\/wp-content\/uploads\/2019\/01\/img1-solution-fab-sanitaire.jpg 472w, https:\/\/pro.hydrao.com\/wp-content\/uploads\/2019\/01\/img1-solution-fab-sanitaire-150x150.jpg 150w, https:\/\/pro.hydrao.com\/wp-content\/uploads\/2019\/01\/img1-solution-fab-sanitaire-300x300.jpg 300w\" sizes=\"(max-width: 472px) 100vw, 472px\" alt=\"\" \t\tclass=\"so-widget-image\"\/>\n<\/div>\n\n<\/div><\/div><\/div><\/div><div id=\"pgc-2814-1-1\"  class=\"panel-grid-cell\" ><div id=\"panel-2814-1-1-0\" class=\"so-panel widget widget_sow-editor panel-first-child panel-last-child\" data-index=\"2\" ><div class=\"so-widget-sow-editor so-widget-sow-editor-base\">\n<div class=\"siteorigin-widget-tinymce textwidget\">\n\t<p>HYDRAO\u2019s patented smart-shower technology can be integrated into OEM designs to bring new levels of innovation and a sustainable edge to your products.<\/p>\n<h4>Key advantages:<\/h4>\n<ul class=\"benefices\">\n<li>Innovation<\/li>\n<li>Growth<\/li>\n<li>Create the future of bathroom<\/li>\n<\/ul>\n<\/div>\n<\/div><\/div><\/div><\/div><\/div><div id=\"pg-2814-2\"  class=\"panel-grid panel-has-style\" ><div class=\"title-etude-de-cas hidden-option panel-row-style panel-row-style-for-2814-2\" ><div id=\"pgc-2814-2-0\"  class=\"panel-grid-cell\" ><div id=\"panel-2814-2-0-0\" class=\"so-panel widget widget_sow-editor panel-first-child panel-last-child\" data-index=\"3\" ><div class=\"so-widget-sow-editor so-widget-sow-editor-base\">\n<div class=\"siteorigin-widget-tinymce textwidget\">\n\t<h2 style=\"text-align: center;\">Case study<\/h2>\n<\/div>\n<\/div><\/div><\/div><\/div><\/div><div id=\"pg-2814-3\"  class=\"panel-grid panel-has-style\" ><div class=\"content-etude-de-cas hidden-option panel-row-style panel-row-style-for-2814-3\" ><div id=\"pgc-2814-3-0\"  class=\"panel-grid-cell\" ><div id=\"panel-2814-3-0-0\" class=\"so-panel widget widget_sow-editor panel-first-child panel-last-child\" data-index=\"4\" ><div class=\"problematique-client panel-widget-style panel-widget-style-for-2814-3-0-0\" ><div class=\"so-widget-sow-editor so-widget-sow-editor-base\">\n<div class=\"siteorigin-widget-tinymce textwidget\">\n\t<h4 style=\"text-align: right;\">Customer issues<\/h4>\n<p style=\"text-align: right;\">Lorem ipsum dolor sit amet, consectetur adipiscing elit, sed do eiusmod tempor incididunt ut labore et dolore magna aliqua. Quis ipsum suspendisse ultrices gravida. Risus commodo viverra maecenas accumsan lacus vel facilisis.<\/p>\n<\/div>\n<\/div><\/div><\/div><\/div><div id=\"pgc-2814-3-1\"  class=\"panel-grid-cell\" ><div id=\"panel-2814-3-1-0\" class=\"so-panel widget widget_sow-editor panel-first-child panel-last-child\" data-index=\"5\" ><div class=\"solution-MEP panel-widget-style panel-widget-style-for-2814-3-1-0\" ><div class=\"so-widget-sow-editor so-widget-sow-editor-base\">\n<div class=\"siteorigin-widget-tinymce textwidget\">\n\t<h4>HYDRAO Solution<\/h4>\n<p>Lorem ipsum dolor sit amet, consectetur adipiscing elit, sed do eiusmod tempor incididunt ut labore et dolore magna aliqua. Quis ipsum suspendisse ultrices gravida. Risus commodo viverra maecenas accumsan lacus vel facilisis.<\/p>\n<\/div>\n<\/div><\/div><\/div><\/div><\/div><\/div><div id=\"pg-2814-4\"  class=\"panel-grid panel-has-style\" ><div class=\"temoignage-client hidden-option panel-row-style panel-row-style-for-2814-4\" ><div id=\"pgc-2814-4-0\"  class=\"panel-grid-cell\" ><div id=\"panel-2814-4-0-0\" class=\"so-panel widget widget_sow-editor panel-first-child panel-last-child\" data-index=\"6\" ><div class=\"hidden-option panel-widget-style panel-widget-style-for-2814-4-0-0\" ><div class=\"so-widget-sow-editor so-widget-sow-editor-base\">\n<div class=\"siteorigin-widget-tinymce textwidget\">\n\t<div class=\"temoignage\">\n<div class=\"img-temoignage\"><img decoding=\"async\" loading=\"lazy\" class=\"alignnone wp-image-2216 size-full\" src=\"\/wp-content\/uploads\/2019\/01\/client.jpg\" alt=\"\" width=\"123\" height=\"123\" \/><\/div>\n<strong>Jean-Pierre D.<\/strong>\nPr\u00e9sident d\u2019un conseil syndical (38)\n<em>\u00ab Lorem ipsum dolor sit amet, consectetur adipiscing elit, sed do eiusmod tempor incididunt ut labore et dolore magna aliqua. Quis ipsum suspendisse ultrices gravida. Risus commodo viverra maecenas accumsan lacus vel facilisis. \u00bb<\/em>\n\n<\/div>\n<a class=\"livre-blanc\" title=\"White paper 10 tips to lower social housing utility bills\" href=\"#\"><strong>White paper<\/strong> 10 tips to lower social housing utility bills<\/a><\/div>\n<\/div><\/div><\/div><\/div><\/div><\/div><div id=\"pg-2814-5\"  class=\"panel-grid panel-has-style\" ><div class=\"la-technologie-hydrao panel-row-style panel-row-style-for-2814-5\" ><div id=\"pgc-2814-5-0\"  class=\"panel-grid-cell\" ><div id=\"panel-2814-5-0-0\" class=\"so-panel widget widget_sow-editor panel-first-child panel-last-child\" data-index=\"7\" ><div class=\"so-widget-sow-editor so-widget-sow-editor-base\">\n<div class=\"siteorigin-widget-tinymce textwidget\">\n\t<h2>HYDRAO Technology<\/h2>\n<p><strong>HYDRAO technology crings together 4 core commpetencies:<\/strong> energy harvesting, water meter, electronics and behavioural science.<\/p>\n<p><strong>The water turbine, at the heart of our technology,<\/strong> is both the water meter and the power generator for the embarked electronics to send real-time information to the user, through color code or wireless technology.<\/p>\n<p><strong>Our solution is already certified<\/strong> and can be applied to your design for your clients<\/p>\n<\/div>\n<\/div><\/div><\/div><div id=\"pgc-2814-5-1\"  class=\"panel-grid-cell\" ><div id=\"panel-2814-5-1-0\" class=\"widget_text so-panel widget widget_custom_html panel-first-child panel-last-child\" data-index=\"8\" ><div class=\"textwidget custom-html-widget\"><video muted id=\"anim-pommeau\" width=\"650\" height=\"650\" preload=\"auto\">\n\t<source src=\"\/wp-content\/themes\/Hydrao_pro\/img\/anim2_pommeau.mp4\" type=\"video\/mp4\">\n\t<source src=\"\/wp-content\/themes\/Hydrao_pro\/img\/anim2_pommeau.webm\" type=\"video\/webm\">\n\t<source src=\"\/wp-content\/themes\/Hydrao_pro\/img\/anim2_pommeau.ogv\" type=\"video\/ogg\">\n<\/video><\/div><\/div><\/div><\/div><\/div><div id=\"pg-2814-6\"  class=\"panel-grid panel-has-style\" ><div class=\"title-suivi-de-projet panel-row-style panel-row-style-for-2814-6\" ><div id=\"pgc-2814-6-0\"  class=\"panel-grid-cell\" ><div id=\"panel-2814-6-0-0\" class=\"so-panel widget widget_sow-editor panel-first-child panel-last-child\" data-index=\"9\" ><div class=\"so-widget-sow-editor so-widget-sow-editor-base\">\n<div class=\"siteorigin-widget-tinymce textwidget\">\n\t<h2 style=\"text-align: center;\">Project follow up<\/h2>\n<p style=\"text-align: center;\"><strong>We work together with you to integrate our technology in your products and designs.<\/strong><br \/>\nWe collaborate with you from the design phase up to industrialization.<\/p>\n<\/div>\n<\/div><\/div><\/div><\/div><\/div><div id=\"pg-2814-7\"  class=\"panel-grid panel-has-style\" ><div class=\"content-suivi-de-projet panel-row-style panel-row-style-for-2814-7\" ><div id=\"pgc-2814-7-0\"  class=\"panel-grid-cell\" ><div id=\"panel-2814-7-0-0\" class=\"so-panel widget widget_sow-image panel-first-child panel-last-child\" data-index=\"10\" ><div class=\"so-widget-sow-image so-widget-sow-image-default-d6014b76747a\">\n\n<div class=\"sow-image-container\">\n\t<img src=\"https:\/\/pro.hydrao.com\/wp-content\/uploads\/2019\/01\/img2-solution-fab-sanitaire.jpg\" width=\"458\" height=\"306\" srcset=\"https:\/\/pro.hydrao.com\/wp-content\/uploads\/2019\/01\/img2-solution-fab-sanitaire.jpg 458w, https:\/\/pro.hydrao.com\/wp-content\/uploads\/2019\/01\/img2-solution-fab-sanitaire-300x200.jpg 300w, https:\/\/pro.hydrao.com\/wp-content\/uploads\/2019\/01\/img2-solution-fab-sanitaire-272x182.jpg 272w\" sizes=\"(max-width: 458px) 100vw, 458px\" alt=\"\" \t\tclass=\"so-widget-image\"\/>\n<\/div>\n\n<\/div><\/div><\/div><div id=\"pgc-2814-7-1\"  class=\"panel-grid-cell\" ><div id=\"panel-2814-7-1-0\" class=\"so-panel widget widget_sow-editor panel-first-child panel-last-child\" data-index=\"11\" ><div class=\"so-widget-sow-editor so-widget-sow-editor-base\">\n<div class=\"siteorigin-widget-tinymce textwidget\">\n\t<p>Assembling electronics and sanitary ware is a challenge at every step because it's innovative. You can rely on our team as we already have the experience and knowledge of both sanitary and electronics constraints.<\/p>\n<p><strong>A dedicated project team will work closely together with your own teams.<\/strong><\/p>\n<p><a class=\"contactez-nous\" title=\"Contactez-nous\" href=\"\/en\/contact-us\">Contact Us<\/a><\/p>\n<\/div>\n<\/div><\/div><\/div><\/div><\/div><div id=\"pg-2814-8\"  class=\"panel-grid panel-has-style\" ><div class=\"title-nos-partenaires hidden-option panel-row-style panel-row-style-for-2814-8\" ><div id=\"pgc-2814-8-0\"  class=\"panel-grid-cell\" ><div id=\"panel-2814-8-0-0\" class=\"so-panel widget widget_sow-editor panel-first-child panel-last-child\" data-index=\"12\" ><div class=\"so-widget-sow-editor so-widget-sow-editor-base\">\n<div class=\"siteorigin-widget-tinymce textwidget\">\n\t<h2>Our partnerships<\/h2>\n<\/div>\n<\/div><\/div><\/div><\/div><\/div><div id=\"pg-2814-9\"  class=\"panel-grid panel-has-style\" ><div class=\"txt-nos-partenaires hidden-option panel-row-style panel-row-style-for-2814-9\" ><div id=\"pgc-2814-9-0\"  class=\"panel-grid-cell\" ><div id=\"panel-2814-9-0-0\" class=\"so-panel widget widget_siteorigin-panels-builder panel-first-child panel-last-child\" data-index=\"13\" ><div class=\"col-left-partenaire panel-widget-style panel-widget-style-for-2814-9-0-0\" ><div id=\"pl-w5c659240428bf\"  class=\"panel-layout\" ><div id=\"pg-w5c659240428bf-0\"  class=\"panel-grid panel-no-style\" ><div id=\"pgc-w5c659240428bf-0-0\"  class=\"panel-grid-cell\" ><div id=\"panel-w5c659240428bf-0-0-0\" class=\"so-panel widget widget_sow-image panel-first-child panel-last-child\" data-index=\"0\" ><div class=\"img-left-partenaire panel-widget-style panel-widget-style-for-w5c659240428bf-0-0-0\" ><div class=\"so-widget-sow-image so-widget-sow-image-default-d6014b76747a\">\n\n<div class=\"sow-image-container\">\n\t<img src=\"https:\/\/pro.hydrao.com\/wp-content\/uploads\/2019\/01\/logo-UGS.jpg\" width=\"200\" height=\"91\" sizes=\"(max-width: 200px) 100vw, 200px\" title=\"Ce pommeau de douche connect\u00e9 est un investissement utile.\" alt=\"\" \t\tclass=\"so-widget-image\"\/>\n<\/div>\n\n<\/div><\/div><\/div><\/div><div id=\"pgc-w5c659240428bf-0-1\"  class=\"panel-grid-cell\" ><div id=\"panel-w5c659240428bf-0-1-0\" class=\"so-panel widget widget_sow-editor panel-first-child panel-last-child\" data-index=\"1\" ><div class=\"txt-left-partenaire panel-widget-style panel-widget-style-for-w5c659240428bf-0-1-0\" ><div class=\"so-widget-sow-editor so-widget-sow-editor-base\">\n<div class=\"siteorigin-widget-tinymce textwidget\">\n\t<p>ULISSE Energie is an integration company developping the \"SOLENI\" program: a support service for the control of energy for precarious households.<\/p>\n<\/div>\n<\/div><\/div><\/div><\/div><\/div><\/div><\/div><\/div><\/div><div id=\"pgc-2814-9-1\"  class=\"panel-grid-cell\" ><div id=\"panel-2814-9-1-0\" class=\"so-panel widget widget_siteorigin-panels-builder panel-first-child panel-last-child\" data-index=\"14\" ><div class=\"col-right-partenaire panel-widget-style panel-widget-style-for-2814-9-1-0\" ><div id=\"pl-w5c659c914b7b6\"  class=\"panel-layout\" ><div id=\"pg-w5c659c914b7b6-0\"  class=\"panel-grid panel-no-style\" ><div id=\"pgc-w5c659c914b7b6-0-0\"  class=\"panel-grid-cell\" ><div id=\"panel-w5c659c914b7b6-0-0-0\" class=\"so-panel widget widget_sow-image panel-first-child panel-last-child\" data-index=\"0\" ><div class=\"img-right-partenaire panel-widget-style panel-widget-style-for-w5c659c914b7b6-0-0-0\" ><div class=\"so-widget-sow-image so-widget-sow-image-default-d6014b76747a\">\n\n<div class=\"sow-image-container\">\n\t<img src=\"https:\/\/pro.hydrao.com\/wp-content\/uploads\/2019\/01\/logo-ecowhat.jpg\" width=\"83\" height=\"83\" sizes=\"(max-width: 83px) 100vw, 83px\" title=\"HYDRAO est d\u00e9finitivement une solution pratique, \u00e9cologique, ludique et p\u00e9dagogique, dont l&#039;utilisation devient addictive.\" alt=\"\" \t\tclass=\"so-widget-image\"\/>\n<\/div>\n\n<\/div><\/div><\/div><\/div><div id=\"pgc-w5c659c914b7b6-0-1\"  class=\"panel-grid-cell\" ><div id=\"panel-w5c659c914b7b6-0-1-0\" class=\"so-panel widget widget_sow-editor panel-first-child panel-last-child\" data-index=\"1\" ><div class=\"txt-right-partenaire panel-widget-style panel-widget-style-for-w5c659c914b7b6-0-1-0\" ><div class=\"so-widget-sow-editor so-widget-sow-editor-base\">\n<div class=\"siteorigin-widget-tinymce textwidget\">\n\t<p>EcoWhat supports individuals, businesses and institutions in a fun environmental approach focused on energy savings, waste management and sustainable consumption.<\/p>\n<\/div>\n<\/div><\/div><\/div><\/div><\/div><\/div><\/div><\/div><\/div><\/div><\/div><div id=\"pg-2814-10\"  class=\"panel-grid panel-has-style\" ><div class=\"title-ils-nous-font-confiance hidden-option panel-row-style panel-row-style-for-2814-10\" ><div id=\"pgc-2814-10-0\"  class=\"panel-grid-cell\" ><div id=\"panel-2814-10-0-0\" class=\"so-panel widget widget_sow-editor panel-first-child panel-last-child\" data-index=\"15\" ><div class=\"so-widget-sow-editor so-widget-sow-editor-base\">\n<div class=\"siteorigin-widget-tinymce textwidget\">\n\t<h2 style=\"text-align: center;\">They trust us<\/h2>\n<\/div>\n<\/div><\/div><\/div><\/div><\/div><div id=\"pg-2814-11\"  class=\"panel-grid panel-has-style\" ><div class=\"liste-logos-clients hidden-option panel-row-style panel-row-style-for-2814-11\" ><div id=\"pgc-2814-11-0\"  class=\"panel-grid-cell\" ><div id=\"panel-2814-11-0-0\" class=\"so-panel widget widget_pods_widget_list pods_widget_list panel-first-child panel-last-child\" data-index=\"16\" >\r\n\t\r\n\t\t<div class=\"logo-clients\">\r\n\t\t\t\r\n\t\t\t\t<img src=\"https:\/\/pro.hydrao.com\/wp-content\/uploads\/2016\/12\/sarodis.png\" alt=\"Sarodis\" \/>\r\n\t\t\t\r\n\t\t<\/div>\r\n\t\r\n<\/div><\/div><\/div><\/div><\/div>","protected":false},"excerpt":{"rendered":"<p>HYDRAO solutions for sanitary manufacturers HYDRAO Inside solutions brings smart-shower innovation to your designs. HYDRAO\u2019s patented smart-shower technology can be integrated into OEM designs to bring new levels of innovation and a sustainable edge to your products. Key advantages: Innovation Growth Create the future of bathroom<\/p>\n","protected":false},"author":7,"featured_media":0,"parent":0,"menu_order":0,"comment_status":"closed","ping_status":"closed","template":"","meta":[],"acf":[],"yoast_head":"<!-- This site is optimized with the Yoast SEO plugin v16.2 - https:\/\/yoast.com\/wordpress\/plugins\/seo\/ -->\n<title>Hydrao Inside solutions for sanitary manufacturers<\/title>\n<meta name=\"description\" content=\"With HYDRAO Inside solutions, develop the bathroom of the future in your image. Let&#039;s develop your next project together.\" \/>\n<meta name=\"robots\" content=\"index, follow, max-snippet:-1, max-image-preview:large, max-video-preview:-1\" \/>\n<link rel=\"canonical\" href=\"https:\/\/pro.hydrao.com\/en\/sanitary-manufacturer\/\" \/>\n<meta property=\"og:locale\" content=\"en_US\" \/>\n<meta property=\"og:type\" content=\"article\" \/>\n<meta property=\"og:title\" content=\"Hydrao Inside solutions for sanitary manufacturers\" \/>\n<meta property=\"og:description\" content=\"With HYDRAO Inside solutions, develop the bathroom of the future in your image. Let&#039;s develop your next project together.\" \/>\n<meta property=\"og:url\" content=\"https:\/\/pro.hydrao.com\/en\/sanitary-manufacturer\/\" \/>\n<meta property=\"og:site_name\" content=\"HYDRAO | Professional Solutions\" \/>\n<meta property=\"article:publisher\" content=\"https:\/\/www.facebook.com\/Hydrao.smartshower\/\" \/>\n<meta property=\"article:modified_time\" content=\"2021-06-08T13:01:05+00:00\" \/>\n<meta property=\"og:image\" content=\"https:\/\/pro.hydrao.com\/wp-content\/uploads\/2019\/01\/client.jpg\" \/>\n<meta name=\"twitter:card\" content=\"summary_large_image\" \/>\n<meta name=\"twitter:site\" content=\"@Hydrao_\" \/>\n<meta name=\"twitter:label1\" content=\"Est. reading time\">\n\t<meta name=\"twitter:data1\" content=\"2 minutes\">\n<script type=\"application\/ld+json\" class=\"yoast-schema-graph\">{\"@context\":\"https:\/\/schema.org\",\"@graph\":[{\"@type\":\"Organization\",\"@id\":\"https:\/\/pro.hydrao.com\/#organization\",\"name\":\"HYDRAO\",\"url\":\"https:\/\/pro.hydrao.com\/\",\"sameAs\":[\"https:\/\/www.facebook.com\/Hydrao.smartshower\/\",\"https:\/\/www.linkedin.com\/company-beta\/5353857\/\",\"https:\/\/www.youtube.com\/channel\/UCwQfdEIplJ_LEtTZWcSfjwQ\",\"https:\/\/twitter.com\/Hydrao_\"],\"logo\":{\"@type\":\"ImageObject\",\"@id\":\"https:\/\/pro.hydrao.com\/#logo\",\"inLanguage\":\"en-US\",\"url\":\"https:\/\/pro.hydrao.com\/wp-content\/uploads\/2017\/03\/hydrao-pro-logo-blue.png\",\"contentUrl\":\"https:\/\/pro.hydrao.com\/wp-content\/uploads\/2017\/03\/hydrao-pro-logo-blue.png\",\"width\":255,\"height\":24,\"caption\":\"HYDRAO\"},\"image\":{\"@id\":\"https:\/\/pro.hydrao.com\/#logo\"}},{\"@type\":\"WebSite\",\"@id\":\"https:\/\/pro.hydrao.com\/#website\",\"url\":\"https:\/\/pro.hydrao.com\/\",\"name\":\"HYDRAO | Professional Solutions\",\"description\":\"Smart Solutions for Water Conservation and Management\",\"publisher\":{\"@id\":\"https:\/\/pro.hydrao.com\/#organization\"},\"potentialAction\":[{\"@type\":\"SearchAction\",\"target\":\"https:\/\/pro.hydrao.com\/?s={search_term_string}\",\"query-input\":\"required name=search_term_string\"}],\"inLanguage\":\"en-US\"},{\"@type\":\"ImageObject\",\"@id\":\"https:\/\/pro.hydrao.com\/en\/sanitary-manufacturer\/#primaryimage\",\"inLanguage\":\"en-US\",\"url\":\"\/wp-content\/uploads\/2019\/01\/client.jpg\",\"contentUrl\":\"\/wp-content\/uploads\/2019\/01\/client.jpg\"},{\"@type\":\"WebPage\",\"@id\":\"https:\/\/pro.hydrao.com\/en\/sanitary-manufacturer\/#webpage\",\"url\":\"https:\/\/pro.hydrao.com\/en\/sanitary-manufacturer\/\",\"name\":\"Hydrao Inside solutions for sanitary manufacturers\",\"isPartOf\":{\"@id\":\"https:\/\/pro.hydrao.com\/#website\"},\"primaryImageOfPage\":{\"@id\":\"https:\/\/pro.hydrao.com\/en\/sanitary-manufacturer\/#primaryimage\"},\"datePublished\":\"2019-02-01T08:00:16+00:00\",\"dateModified\":\"2021-06-08T13:01:05+00:00\",\"description\":\"With HYDRAO Inside solutions, develop the bathroom of the future in your image. Let's develop your next project together.\",\"breadcrumb\":{\"@id\":\"https:\/\/pro.hydrao.com\/en\/sanitary-manufacturer\/#breadcrumb\"},\"inLanguage\":\"en-US\",\"potentialAction\":[{\"@type\":\"ReadAction\",\"target\":[\"https:\/\/pro.hydrao.com\/en\/sanitary-manufacturer\/\"]}]},{\"@type\":\"BreadcrumbList\",\"@id\":\"https:\/\/pro.hydrao.com\/en\/sanitary-manufacturer\/#breadcrumb\",\"itemListElement\":[{\"@type\":\"ListItem\",\"position\":1,\"item\":{\"@type\":\"WebPage\",\"@id\":\"https:\/\/pro.hydrao.com\/en\/\",\"url\":\"https:\/\/pro.hydrao.com\/en\/\",\"name\":\"Home\"}},{\"@type\":\"ListItem\",\"position\":2,\"item\":{\"@id\":\"https:\/\/pro.hydrao.com\/en\/sanitary-manufacturer\/#webpage\"}}]}]}<\/script>\n<!-- \/ Yoast SEO plugin. -->","_links":{"self":[{"href":"https:\/\/pro.hydrao.com\/en\/wp-json\/wp\/v2\/pages\/2814"}],"collection":[{"href":"https:\/\/pro.hydrao.com\/en\/wp-json\/wp\/v2\/pages"}],"about":[{"href":"https:\/\/pro.hydrao.com\/en\/wp-json\/wp\/v2\/types\/page"}],"author":[{"embeddable":true,"href":"https:\/\/pro.hydrao.com\/en\/wp-json\/wp\/v2\/users\/7"}],"replies":[{"embeddable":true,"href":"https:\/\/pro.hydrao.com\/en\/wp-json\/wp\/v2\/comments?post=2814"}],"version-history":[{"count":18,"href":"https:\/\/pro.hydrao.com\/en\/wp-json\/wp\/v2\/pages\/2814\/revisions"}],"predecessor-version":[{"id":3750,"href":"https:\/\/pro.hydrao.com\/en\/wp-json\/wp\/v2\/pages\/2814\/revisions\/3750"}],"wp:attachment":[{"href":"https:\/\/pro.hydrao.com\/en\/wp-json\/wp\/v2\/media?parent=2814"}],"curies":[{"name":"wp","href":"https:\/\/api.w.org\/{rel}","templated":true}]}}