{"id":2817,"date":"2019-02-01T14:05:51","date_gmt":"2019-02-01T13:05:51","guid":{"rendered":"https:\/\/test-pro.hydrao.com\/solutions-pour-les-institutions-environnementales\/"},"modified":"2021-06-08T14:58:04","modified_gmt":"2021-06-08T12:58:04","slug":"environmental-institutions","status":"publish","type":"page","link":"https:\/\/pro.hydrao.com\/en\/environmental-institutions\/","title":{"rendered":"Environmental institutions"},"content":{"rendered":"<div id=\"pl-2817\"  class=\"panel-layout\" ><div id=\"pg-2817-0\"  class=\"panel-grid panel-has-style\" ><div class=\"title-nos-solutions panel-row-style panel-row-style-for-2817-0\" ><div id=\"pgc-2817-0-0\"  class=\"panel-grid-cell\" ><div id=\"panel-2817-0-0-0\" class=\"so-panel widget widget_sow-editor panel-first-child panel-last-child\" data-index=\"0\" ><div class=\"so-widget-sow-editor so-widget-sow-editor-base\">\n<div class=\"siteorigin-widget-tinymce textwidget\">\n\t<h1 style=\"text-align: center;\">HYDRAO for utilities, local authorities<br \/>\nand water organisations<\/h1>\n<p style=\"text-align: center;\">You are looking for solutions for an awarness campaign on drinkable water scarcity and energy efficiency.<br \/>\nYou want to give citizens access to relevant solutions allowing water and energy savings.<br \/>\nOr you need to collect data on water usage for a study.<\/p>\n<\/div>\n<\/div><\/div><\/div><\/div><\/div><div id=\"pg-2817-1\"  class=\"panel-grid panel-has-style\" ><div class=\"txt-intro-solution panel-row-style panel-row-style-for-2817-1\" ><div id=\"pgc-2817-1-0\"  class=\"panel-grid-cell\" ><div id=\"panel-2817-1-0-0\" class=\"so-panel widget widget_sow-image panel-first-child panel-last-child\" data-index=\"1\" ><div class=\"img1-solution size2 panel-widget-style panel-widget-style-for-2817-1-0-0\" ><div class=\"so-widget-sow-image so-widget-sow-image-default-d6014b76747a\">\n\n<div class=\"sow-image-container\">\n\t<img src=\"https:\/\/pro.hydrao.com\/wp-content\/uploads\/2019\/02\/img1-solution-institu-environnement.jpg\" width=\"472\" height=\"472\" srcset=\"https:\/\/pro.hydrao.com\/wp-content\/uploads\/2019\/02\/img1-solution-institu-environnement.jpg 472w, https:\/\/pro.hydrao.com\/wp-content\/uploads\/2019\/02\/img1-solution-institu-environnement-150x150.jpg 150w, https:\/\/pro.hydrao.com\/wp-content\/uploads\/2019\/02\/img1-solution-institu-environnement-300x300.jpg 300w\" sizes=\"(max-width: 472px) 100vw, 472px\" alt=\"\" \t\tclass=\"so-widget-image\"\/>\n<\/div>\n\n<\/div><\/div><\/div><\/div><div id=\"pgc-2817-1-1\"  class=\"panel-grid-cell\" ><div id=\"panel-2817-1-1-0\" class=\"so-panel widget widget_sow-editor panel-first-child panel-last-child\" data-index=\"2\" ><div class=\"so-widget-sow-editor so-widget-sow-editor-base\">\n<div class=\"siteorigin-widget-tinymce textwidget\">\n\t<h4>Key advantages:<\/h4>\n<ul class=\"benefices\">\n<li>Water and energy savings<\/li>\n<li>Educative and fun tool<\/li>\n<li>Communicate on your corporate responsibility results<\/li>\n<li>Impactful awareness campaigns<\/li>\n<\/ul>\n<\/div>\n<\/div><\/div><\/div><\/div><\/div><div id=\"pg-2817-2\"  class=\"panel-grid panel-has-style\" ><div class=\"title-etude-de-cas panel-row-style panel-row-style-for-2817-2\" ><div id=\"pgc-2817-2-0\"  class=\"panel-grid-cell\" ><div id=\"panel-2817-2-0-0\" class=\"so-panel widget widget_sow-editor panel-first-child panel-last-child\" data-index=\"3\" ><div class=\"so-widget-sow-editor so-widget-sow-editor-base\">\n<div class=\"siteorigin-widget-tinymce textwidget\">\n\t<h2 style=\"text-align: center;\">Case study<\/h2>\n<\/div>\n<\/div><\/div><\/div><\/div><\/div><div id=\"pg-2817-3\"  class=\"panel-grid panel-has-style\" ><div class=\"content-etude-de-cas panel-row-style panel-row-style-for-2817-3\" ><div id=\"pgc-2817-3-0\"  class=\"panel-grid-cell\" ><div id=\"panel-2817-3-0-0\" class=\"so-panel widget widget_sow-editor panel-first-child panel-last-child\" data-index=\"4\" ><div class=\"problematique-client panel-widget-style panel-widget-style-for-2817-3-0-0\" ><div class=\"so-widget-sow-editor so-widget-sow-editor-base\">\n<div class=\"siteorigin-widget-tinymce textwidget\">\n\t<h4 style=\"text-align: right;\">Customer issues<\/h4>\n<p style=\"text-align: right;\"><img decoding=\"async\" loading=\"lazy\" class=\"alignnone wp-image-3775 size-full\" src=\"https:\/\/pro.hydrao.com\/wp-content\/uploads\/2019\/03\/PUB.png\" alt=\"\" width=\"150\" height=\"50\" \/><\/p>\n<p style=\"text-align: right;\">The Singapore Water Agency (PUB) wants to reduce per capita household water consumption from 143L (2017) to 130L (2030) by encouraging the following actions:<\/p>\n<p style=\"text-align: right;\">- Adopt good water saving habits at home and at work: Implementation of the \"Smart Shower Program\" with real-time feedback under the shower (which represents 27% of household water consumption in Singapore )<br \/>\n- Choose water efficient products <a href=\"https:\/\/www.pub.gov.sg\/watersupply\/singaporewaterstory\" target=\"_blank\" rel=\"noopener\">https:\/\/www.pub.gov.sg\/watersupply\/singaporewaterstory<\/a><\/p>\n<\/div>\n<\/div><\/div><\/div><\/div><div id=\"pgc-2817-3-1\"  class=\"panel-grid-cell\" ><div id=\"panel-2817-3-1-0\" class=\"so-panel widget widget_sow-editor panel-first-child panel-last-child\" data-index=\"5\" ><div class=\"solution-MEP panel-widget-style panel-widget-style-for-2817-3-1-0\" ><div class=\"so-widget-sow-editor so-widget-sow-editor-base\">\n<div class=\"siteorigin-widget-tinymce textwidget\">\n\t<h4>HYDRAO Solution<\/h4>\n<p>Singapore water agency (PUB), at the leading edge of water conservation innovations, is currently deploying 10.000 HYDRAO smart showerheads in Singapore HDB buildings.<\/p>\n<p>Delivery of 10,000 Watersense certified HYDRAO Aloe showers with customized light thresholds and laser engraving.<\/p>\n<p>Development of a specific application. Monthly records of shower data through prior identification of EUIDs.<br \/>\nPr. Goette's preliminary study has shown a stable economy over time.<\/p>\n<\/div>\n<\/div><\/div><\/div><\/div><\/div><\/div><div id=\"pg-2817-4\"  class=\"panel-grid panel-has-style\" ><div class=\"temoignage-client hidden-option panel-row-style panel-row-style-for-2817-4\" ><div id=\"pgc-2817-4-0\"  class=\"panel-grid-cell\" ><div id=\"panel-2817-4-0-0\" class=\"so-panel widget widget_sow-editor panel-first-child panel-last-child\" data-index=\"6\" ><div class=\"hidden-option panel-widget-style panel-widget-style-for-2817-4-0-0\" ><div class=\"so-widget-sow-editor so-widget-sow-editor-base\">\n<div class=\"siteorigin-widget-tinymce textwidget\">\n\t<div class=\"temoignage\">\n<div class=\"img-temoignage\"><img decoding=\"async\" loading=\"lazy\" class=\"alignnone wp-image-2216 size-full\" src=\"\/wp-content\/uploads\/2019\/01\/client.jpg\" alt=\"\" width=\"123\" height=\"123\" \/><\/div>\n<strong>Jean-Pierre D.<\/strong>\nPr\u00e9sident d\u2019un conseil syndical (38)\n<em>\u00ab Lorem ipsum dolor sit amet, consectetur adipiscing elit, sed do eiusmod tempor incididunt ut labore et dolore magna aliqua. Quis ipsum suspendisse ultrices gravida. Risus commodo viverra maecenas accumsan lacus vel facilisis. \u00bb<\/em>\n\n<\/div>\n<a class=\"livre-blanc\" title=\"White paper 10 tips to lower social housing utility bills\" href=\"#\"><strong>White paper<\/strong> 10 tips to lower social housing utility bills<\/a><\/div>\n<\/div><\/div><\/div><\/div><\/div><\/div><div id=\"pg-2817-5\"  class=\"panel-grid panel-has-style\" ><div class=\"engagement-hydrao panel-row-style panel-row-style-for-2817-5\" ><div id=\"pgc-2817-5-0\"  class=\"panel-grid-cell\" ><div id=\"panel-2817-5-0-0\" class=\"so-panel widget widget_sow-editor panel-first-child panel-last-child\" data-index=\"7\" ><div class=\"so-widget-sow-editor so-widget-sow-editor-base\">\n<div class=\"siteorigin-widget-tinymce textwidget\">\n\t<h2>HYDRAO commitment<\/h2>\n<p><strong>HYDRAO's mission is to provide technological solutions to preserve water resources that reconcile ecology, pleasure and purchasing power.<\/strong> Innovation, the environment and the customer experience are the values \u200b\u200bwe carry through our products and services.<\/p>\n<p>In fact, <strong>HYDRAO drives 70% water savings under the shower.<\/strong> We are also active members of the water clusters Imagine H2O, NEWIN (New England Water Innovation Network) and won a Waterwise award.<\/p>\n<\/div>\n<\/div><\/div><\/div><div id=\"pgc-2817-5-1\"  class=\"panel-grid-cell\" ><div id=\"panel-2817-5-1-0\" class=\"so-panel widget widget_sow-image panel-first-child panel-last-child\" data-index=\"8\" ><div class=\"so-widget-sow-image so-widget-sow-image-default-d6014b76747a\">\n\n<div class=\"sow-image-container\">\n\t<img src=\"https:\/\/pro.hydrao.com\/wp-content\/uploads\/2019\/02\/img2-solution-environnement.jpg\" width=\"500\" height=\"500\" srcset=\"https:\/\/pro.hydrao.com\/wp-content\/uploads\/2019\/02\/img2-solution-environnement.jpg 500w, https:\/\/pro.hydrao.com\/wp-content\/uploads\/2019\/02\/img2-solution-environnement-150x150.jpg 150w, https:\/\/pro.hydrao.com\/wp-content\/uploads\/2019\/02\/img2-solution-environnement-300x300.jpg 300w\" sizes=\"(max-width: 500px) 100vw, 500px\" alt=\"\" \t\tclass=\"so-widget-image\"\/>\n<\/div>\n\n<\/div><\/div><\/div><\/div><\/div><div id=\"pg-2817-6\"  class=\"panel-grid panel-has-style\" ><div class=\"title-suivi-de-projet panel-row-style panel-row-style-for-2817-6\" ><div id=\"pgc-2817-6-0\"  class=\"panel-grid-cell\" ><div id=\"panel-2817-6-0-0\" class=\"so-panel widget widget_sow-editor panel-first-child panel-last-child\" data-index=\"9\" ><div class=\"so-widget-sow-editor so-widget-sow-editor-base\">\n<div class=\"siteorigin-widget-tinymce textwidget\">\n\t<h2 style=\"text-align: center;\">HYDRAO network<\/h2>\n<p style=\"text-align: center;\">We are a member of several organisations with the aim to preserve the environment thanks to innovation, and particularly for water conservation.<br \/>\nWe also partner with a Professor in Behavioural Science in order to validate scientifically the HYDRAO savings.<\/p>\n<\/div>\n<\/div><\/div><\/div><\/div><\/div><div id=\"pg-2817-7\"  class=\"panel-grid panel-has-style\" ><div class=\"content-suivi-de-projet panel-row-style panel-row-style-for-2817-7\" ><div id=\"pgc-2817-7-0\"  class=\"panel-grid-cell\" ><div id=\"panel-2817-7-0-0\" class=\"so-panel widget widget_sow-image panel-first-child panel-last-child\" data-index=\"10\" ><div class=\"so-widget-sow-image so-widget-sow-image-default-d6014b76747a\">\n\n<div class=\"sow-image-container\">\n\t<img src=\"https:\/\/pro.hydrao.com\/wp-content\/uploads\/2019\/02\/img3-organisme-environnement.jpg\" width=\"456\" height=\"306\" srcset=\"https:\/\/pro.hydrao.com\/wp-content\/uploads\/2019\/02\/img3-organisme-environnement.jpg 456w, https:\/\/pro.hydrao.com\/wp-content\/uploads\/2019\/02\/img3-organisme-environnement-300x201.jpg 300w, https:\/\/pro.hydrao.com\/wp-content\/uploads\/2019\/02\/img3-organisme-environnement-272x182.jpg 272w\" sizes=\"(max-width: 456px) 100vw, 456px\" alt=\"\" \t\tclass=\"so-widget-image\"\/>\n<\/div>\n\n<\/div><\/div><\/div><div id=\"pgc-2817-7-1\"  class=\"panel-grid-cell\" ><div id=\"panel-2817-7-1-0\" class=\"so-panel widget widget_sow-editor panel-first-child panel-last-child\" data-index=\"11\" ><div class=\"so-widget-sow-editor so-widget-sow-editor-base\">\n<div class=\"siteorigin-widget-tinymce textwidget\">\n\t<p>What project do you want to implement ?<br \/>\nAn awarness campaign on drinkable water scarcity and energy efficiency.<br \/>\nGiving citizens access to relevant solutions allowing water and energy savings.<br \/>\nOr collect data on water usage for a study.<\/p>\n<p><a class=\"contactez-nous\" title=\"Contactez-nous\" href=\"\/en\/contact-us\">Share your project with us<\/a><\/p>\n<\/div>\n<\/div><\/div><\/div><\/div><\/div><div id=\"pg-2817-8\"  class=\"panel-grid panel-has-style\" ><div class=\"title-nos-partenaires hidden-option panel-row-style panel-row-style-for-2817-8\" ><div id=\"pgc-2817-8-0\"  class=\"panel-grid-cell\" ><div id=\"panel-2817-8-0-0\" class=\"so-panel widget widget_sow-editor panel-first-child panel-last-child\" data-index=\"12\" ><div class=\"so-widget-sow-editor so-widget-sow-editor-base\">\n<div class=\"siteorigin-widget-tinymce textwidget\">\n\t<h2>Our partnerships<\/h2>\n<\/div>\n<\/div><\/div><\/div><\/div><\/div><div id=\"pg-2817-9\"  class=\"panel-grid panel-has-style\" ><div class=\"txt-nos-partenaires hidden-option panel-row-style panel-row-style-for-2817-9\" ><div id=\"pgc-2817-9-0\"  class=\"panel-grid-cell\" ><div id=\"panel-2817-9-0-0\" class=\"so-panel widget widget_siteorigin-panels-builder panel-first-child panel-last-child\" data-index=\"13\" ><div class=\"col-left-partenaire panel-widget-style panel-widget-style-for-2817-9-0-0\" ><div id=\"pl-w5c65924e2ebeb\"  class=\"panel-layout\" ><div id=\"pg-w5c65924e2ebeb-0\"  class=\"panel-grid panel-no-style\" ><div id=\"pgc-w5c65924e2ebeb-0-0\"  class=\"panel-grid-cell\" ><div id=\"panel-w5c65924e2ebeb-0-0-0\" class=\"so-panel widget widget_sow-image panel-first-child panel-last-child\" data-index=\"0\" ><div class=\"img-left-partenaire panel-widget-style panel-widget-style-for-w5c65924e2ebeb-0-0-0\" ><div class=\"so-widget-sow-image so-widget-sow-image-default-d6014b76747a\">\n\n<div class=\"sow-image-container\">\n\t<img src=\"https:\/\/pro.hydrao.com\/wp-content\/uploads\/2019\/01\/logo-UGS.jpg\" width=\"200\" height=\"91\" sizes=\"(max-width: 200px) 100vw, 200px\" title=\"Ce pommeau de douche connect\u00e9 est un investissement utile.\" alt=\"\" \t\tclass=\"so-widget-image\"\/>\n<\/div>\n\n<\/div><\/div><\/div><\/div><div id=\"pgc-w5c65924e2ebeb-0-1\"  class=\"panel-grid-cell\" ><div id=\"panel-w5c65924e2ebeb-0-1-0\" class=\"so-panel widget widget_sow-editor panel-first-child panel-last-child\" data-index=\"1\" ><div class=\"txt-left-partenaire panel-widget-style panel-widget-style-for-w5c65924e2ebeb-0-1-0\" ><div class=\"so-widget-sow-editor so-widget-sow-editor-base\">\n<div class=\"siteorigin-widget-tinymce textwidget\">\n\t<p>ULISSE Energie is an integration company developping the \"SOLENI\" program: a support service for the control of energy for precarious households.<\/p>\n<\/div>\n<\/div><\/div><\/div><\/div><\/div><\/div><\/div><\/div><\/div><div id=\"pgc-2817-9-1\"  class=\"panel-grid-cell\" ><div id=\"panel-2817-9-1-0\" class=\"so-panel widget widget_siteorigin-panels-builder panel-first-child panel-last-child\" data-index=\"14\" ><div class=\"col-right-partenaire panel-widget-style panel-widget-style-for-2817-9-1-0\" ><div id=\"pl-w5c65924e2f0c9\"  class=\"panel-layout\" ><div id=\"pg-w5c65924e2f0c9-0\"  class=\"panel-grid panel-no-style\" ><div id=\"pgc-w5c65924e2f0c9-0-0\"  class=\"panel-grid-cell\" ><div id=\"panel-w5c65924e2f0c9-0-0-0\" class=\"so-panel widget widget_sow-image panel-first-child panel-last-child\" data-index=\"0\" ><div class=\"img-right-partenaire panel-widget-style panel-widget-style-for-w5c65924e2f0c9-0-0-0\" ><div class=\"so-widget-sow-image so-widget-sow-image-default-d6014b76747a\">\n\n<div class=\"sow-image-container\">\n\t<img src=\"https:\/\/pro.hydrao.com\/wp-content\/uploads\/2019\/01\/logo-ecowhat.jpg\" width=\"83\" height=\"83\" sizes=\"(max-width: 83px) 100vw, 83px\" title=\"HYDRAO est d\u00e9finitivement une solution pratique, \u00e9cologique, ludique et p\u00e9dagogique, dont l&#039;utilisation devient addictive.\" alt=\"\" \t\tclass=\"so-widget-image\"\/>\n<\/div>\n\n<\/div><\/div><\/div><\/div><div id=\"pgc-w5c65924e2f0c9-0-1\"  class=\"panel-grid-cell\" ><div id=\"panel-w5c65924e2f0c9-0-1-0\" class=\"so-panel widget widget_sow-editor panel-first-child panel-last-child\" data-index=\"1\" ><div class=\"txt-right-partenaire panel-widget-style panel-widget-style-for-w5c65924e2f0c9-0-1-0\" ><div class=\"so-widget-sow-editor so-widget-sow-editor-base\">\n<div class=\"siteorigin-widget-tinymce textwidget\">\n\t<p>EcoWhat supports individuals, businesses and institutions in a fun environmental approach focused on energy savings, waste management and sustainable consumption.<\/p>\n<\/div>\n<\/div><\/div><\/div><\/div><\/div><\/div><\/div><\/div><\/div><\/div><\/div><div id=\"pg-2817-10\"  class=\"panel-grid panel-has-style\" ><div class=\"title-ils-nous-font-confiance panel-row-style panel-row-style-for-2817-10\" ><div id=\"pgc-2817-10-0\"  class=\"panel-grid-cell\" ><div id=\"panel-2817-10-0-0\" class=\"so-panel widget widget_sow-editor panel-first-child panel-last-child\" data-index=\"15\" ><div class=\"so-widget-sow-editor so-widget-sow-editor-base\">\n<div class=\"siteorigin-widget-tinymce textwidget\">\n\t<h2 style=\"text-align: center;\">They trust us<\/h2>\n<\/div>\n<\/div><\/div><\/div><\/div><\/div><div id=\"pg-2817-11\"  class=\"panel-grid panel-has-style\" ><div class=\"liste-logos-clients panel-row-style panel-row-style-for-2817-11\" ><div id=\"pgc-2817-11-0\"  class=\"panel-grid-cell\" ><div id=\"panel-2817-11-0-0\" class=\"so-panel widget widget_pods_widget_list pods_widget_list panel-first-child panel-last-child\" data-index=\"16\" >\r\n\t\r\n\t\t<div class=\"logo-clients\">\r\n\t\t\t\r\n\t\t\t\t<img src=\"https:\/\/pro.hydrao.com\/wp-content\/uploads\/2016\/12\/because-water.png\" alt=\"Because Water\" \/>\r\n\t\t\t\r\n\t\t<\/div>\r\n\t\r\n\t\t<div class=\"logo-clients\">\r\n\t\t\t\r\n\t\t\t\t<img src=\"https:\/\/pro.hydrao.com\/wp-content\/uploads\/2019\/02\/eau_de_paris.jpg\" alt=\"Eau_de_Paris\" \/>\r\n\t\t\t\r\n\t\t<\/div>\r\n\t\r\n\t\t<div class=\"logo-clients\">\r\n\t\t\t\r\n\t\t\t\t<img src=\"https:\/\/pro.hydrao.com\/wp-content\/uploads\/2016\/12\/edf.png\" alt=\"EDF\" \/>\r\n\t\t\t\r\n\t\t<\/div>\r\n\t\r\n\t\t<div class=\"logo-clients\">\r\n\t\t\t\r\n\t\t\t\t<img src=\"https:\/\/pro.hydrao.com\/wp-content\/uploads\/2016\/12\/homefriend-veolia.png\" alt=\"HomeFriend (by Veolia)\" \/>\r\n\t\t\t\r\n\t\t<\/div>\r\n\t\r\n\t\t<div class=\"logo-clients\">\r\n\t\t\t\r\n\t\t\t\t<img src=\"https:\/\/pro.hydrao.com\/wp-content\/uploads\/2019\/02\/PUB.png\" alt=\"PUB\" \/>\r\n\t\t\t\r\n\t\t<\/div>\r\n\t\r\n\t\t<div class=\"logo-clients\">\r\n\t\t\t\r\n\t\t\t\t<img src=\"https:\/\/pro.hydrao.com\/wp-content\/uploads\/2019\/02\/Region_AURA.jpg\" alt=\"Region_ARA\" \/>\r\n\t\t\t\r\n\t\t<\/div>\r\n\t\r\n\t\t<div class=\"logo-clients\">\r\n\t\t\t\r\n\t\t\t\t<img src=\"https:\/\/pro.hydrao.com\/wp-content\/uploads\/2016\/12\/logo-schneider-1.png\" alt=\"Schneider Electric\" \/>\r\n\t\t\t\r\n\t\t<\/div>\r\n\t\r\n<\/div><\/div><\/div><\/div><\/div>","protected":false},"excerpt":{"rendered":"<p>HYDRAO for utilities, local authorities and water organisations You are looking for solutions for an awarness campaign on drinkable water scarcity and energy efficiency. You want to give citizens access to relevant solutions allowing water and energy savings. Or you need to collect data on water usage for a study. Key advantages: Water and energy [&hellip;]<\/p>\n","protected":false},"author":7,"featured_media":0,"parent":0,"menu_order":0,"comment_status":"closed","ping_status":"closed","template":"","meta":[],"acf":[],"yoast_head":"<!-- This site is optimized with the Yoast SEO plugin v16.2 - https:\/\/yoast.com\/wordpress\/plugins\/seo\/ -->\n<title>HYDRAO for utilities, local authoritiesand water organisations<\/title>\n<meta name=\"description\" content=\"With Hydrao showers, your awareness campaigns on water and energy saving become more efficient: save 70% of water!\" \/>\n<meta name=\"robots\" content=\"index, follow, max-snippet:-1, max-image-preview:large, max-video-preview:-1\" \/>\n<link rel=\"canonical\" href=\"https:\/\/pro.hydrao.com\/en\/environmental-institutions\/\" \/>\n<meta property=\"og:locale\" content=\"en_US\" \/>\n<meta property=\"og:type\" content=\"article\" \/>\n<meta property=\"og:title\" content=\"HYDRAO for utilities, local authoritiesand water organisations\" \/>\n<meta property=\"og:description\" content=\"With Hydrao showers, your awareness campaigns on water and energy saving become more efficient: save 70% of water!\" \/>\n<meta property=\"og:url\" content=\"https:\/\/pro.hydrao.com\/en\/environmental-institutions\/\" \/>\n<meta property=\"og:site_name\" content=\"HYDRAO | Professional Solutions\" \/>\n<meta property=\"article:publisher\" content=\"https:\/\/www.facebook.com\/Hydrao.smartshower\/\" \/>\n<meta property=\"article:modified_time\" content=\"2021-06-08T12:58:04+00:00\" \/>\n<meta property=\"og:image\" content=\"https:\/\/pro.hydrao.com\/wp-content\/uploads\/2019\/03\/PUB.png\" \/>\n<meta name=\"twitter:card\" content=\"summary_large_image\" \/>\n<meta name=\"twitter:site\" content=\"@Hydrao_\" \/>\n<meta name=\"twitter:label1\" content=\"Est. reading time\">\n\t<meta name=\"twitter:data1\" content=\"3 minutes\">\n<script type=\"application\/ld+json\" class=\"yoast-schema-graph\">{\"@context\":\"https:\/\/schema.org\",\"@graph\":[{\"@type\":\"Organization\",\"@id\":\"https:\/\/pro.hydrao.com\/#organization\",\"name\":\"HYDRAO\",\"url\":\"https:\/\/pro.hydrao.com\/\",\"sameAs\":[\"https:\/\/www.facebook.com\/Hydrao.smartshower\/\",\"https:\/\/www.linkedin.com\/company-beta\/5353857\/\",\"https:\/\/www.youtube.com\/channel\/UCwQfdEIplJ_LEtTZWcSfjwQ\",\"https:\/\/twitter.com\/Hydrao_\"],\"logo\":{\"@type\":\"ImageObject\",\"@id\":\"https:\/\/pro.hydrao.com\/#logo\",\"inLanguage\":\"en-US\",\"url\":\"https:\/\/pro.hydrao.com\/wp-content\/uploads\/2017\/03\/hydrao-pro-logo-blue.png\",\"contentUrl\":\"https:\/\/pro.hydrao.com\/wp-content\/uploads\/2017\/03\/hydrao-pro-logo-blue.png\",\"width\":255,\"height\":24,\"caption\":\"HYDRAO\"},\"image\":{\"@id\":\"https:\/\/pro.hydrao.com\/#logo\"}},{\"@type\":\"WebSite\",\"@id\":\"https:\/\/pro.hydrao.com\/#website\",\"url\":\"https:\/\/pro.hydrao.com\/\",\"name\":\"HYDRAO | Professional Solutions\",\"description\":\"Smart Solutions for Water Conservation and Management\",\"publisher\":{\"@id\":\"https:\/\/pro.hydrao.com\/#organization\"},\"potentialAction\":[{\"@type\":\"SearchAction\",\"target\":\"https:\/\/pro.hydrao.com\/?s={search_term_string}\",\"query-input\":\"required name=search_term_string\"}],\"inLanguage\":\"en-US\"},{\"@type\":\"ImageObject\",\"@id\":\"https:\/\/pro.hydrao.com\/en\/environmental-institutions\/#primaryimage\",\"inLanguage\":\"en-US\",\"url\":\"https:\/\/pro.hydrao.com\/wp-content\/uploads\/2019\/03\/PUB.png\",\"contentUrl\":\"https:\/\/pro.hydrao.com\/wp-content\/uploads\/2019\/03\/PUB.png\",\"width\":150,\"height\":50},{\"@type\":\"WebPage\",\"@id\":\"https:\/\/pro.hydrao.com\/en\/environmental-institutions\/#webpage\",\"url\":\"https:\/\/pro.hydrao.com\/en\/environmental-institutions\/\",\"name\":\"HYDRAO for utilities, local authoritiesand water organisations\",\"isPartOf\":{\"@id\":\"https:\/\/pro.hydrao.com\/#website\"},\"primaryImageOfPage\":{\"@id\":\"https:\/\/pro.hydrao.com\/en\/environmental-institutions\/#primaryimage\"},\"datePublished\":\"2019-02-01T13:05:51+00:00\",\"dateModified\":\"2021-06-08T12:58:04+00:00\",\"description\":\"With Hydrao showers, your awareness campaigns on water and energy saving become more efficient: save 70% of water!\",\"breadcrumb\":{\"@id\":\"https:\/\/pro.hydrao.com\/en\/environmental-institutions\/#breadcrumb\"},\"inLanguage\":\"en-US\",\"potentialAction\":[{\"@type\":\"ReadAction\",\"target\":[\"https:\/\/pro.hydrao.com\/en\/environmental-institutions\/\"]}]},{\"@type\":\"BreadcrumbList\",\"@id\":\"https:\/\/pro.hydrao.com\/en\/environmental-institutions\/#breadcrumb\",\"itemListElement\":[{\"@type\":\"ListItem\",\"position\":1,\"item\":{\"@type\":\"WebPage\",\"@id\":\"https:\/\/pro.hydrao.com\/en\/\",\"url\":\"https:\/\/pro.hydrao.com\/en\/\",\"name\":\"Home\"}},{\"@type\":\"ListItem\",\"position\":2,\"item\":{\"@id\":\"https:\/\/pro.hydrao.com\/en\/environmental-institutions\/#webpage\"}}]}]}<\/script>\n<!-- \/ Yoast SEO plugin. -->","_links":{"self":[{"href":"https:\/\/pro.hydrao.com\/en\/wp-json\/wp\/v2\/pages\/2817"}],"collection":[{"href":"https:\/\/pro.hydrao.com\/en\/wp-json\/wp\/v2\/pages"}],"about":[{"href":"https:\/\/pro.hydrao.com\/en\/wp-json\/wp\/v2\/types\/page"}],"author":[{"embeddable":true,"href":"https:\/\/pro.hydrao.com\/en\/wp-json\/wp\/v2\/users\/7"}],"replies":[{"embeddable":true,"href":"https:\/\/pro.hydrao.com\/en\/wp-json\/wp\/v2\/comments?post=2817"}],"version-history":[{"count":27,"href":"https:\/\/pro.hydrao.com\/en\/wp-json\/wp\/v2\/pages\/2817\/revisions"}],"predecessor-version":[{"id":8539,"href":"https:\/\/pro.hydrao.com\/en\/wp-json\/wp\/v2\/pages\/2817\/revisions\/8539"}],"wp:attachment":[{"href":"https:\/\/pro.hydrao.com\/en\/wp-json\/wp\/v2\/media?parent=2817"}],"curies":[{"name":"wp","href":"https:\/\/api.w.org\/{rel}","templated":true}]}}