{"id":2820,"date":"2019-02-01T14:03:11","date_gmt":"2019-02-01T13:03:11","guid":{"rendered":"https:\/\/test-pro.hydrao.com\/solutions-pour-les-professionnel-sanitaire\/"},"modified":"2021-06-08T15:59:01","modified_gmt":"2021-06-08T13:59:01","slug":"sanitary-channel","status":"publish","type":"page","link":"https:\/\/pro.hydrao.com\/en\/sanitary-channel\/","title":{"rendered":"Sanitary channel"},"content":{"rendered":"<div id=\"pl-2820\"  class=\"panel-layout\" ><div id=\"pg-2820-0\"  class=\"panel-grid panel-has-style\" ><div class=\"title-nos-solutions panel-row-style panel-row-style-for-2820-0\" ><div id=\"pgc-2820-0-0\"  class=\"panel-grid-cell\" ><div id=\"panel-2820-0-0-0\" class=\"so-panel widget widget_sow-editor panel-first-child panel-last-child\" data-index=\"0\" ><div class=\"so-widget-sow-editor so-widget-sow-editor-base\">\n<div class=\"siteorigin-widget-tinymce textwidget\">\n\t<h1 style=\"text-align: center;\">HYDRAO solutions for sanitary ditributors<\/h1>\n<p style=\"text-align: center;\">The next generation bathroom is smart. Include HYDRAO line-up in your product offer.<\/p>\n<\/div>\n<\/div><\/div><\/div><\/div><\/div><div id=\"pg-2820-1\"  class=\"panel-grid panel-has-style\" ><div class=\"txt-intro-solution panel-row-style panel-row-style-for-2820-1\" ><div id=\"pgc-2820-1-0\"  class=\"panel-grid-cell\" ><div id=\"panel-2820-1-0-0\" class=\"so-panel widget widget_sow-image panel-first-child panel-last-child\" data-index=\"1\" ><div class=\"img1-solution size2 panel-widget-style panel-widget-style-for-2820-1-0-0\" ><div class=\"so-widget-sow-image so-widget-sow-image-default-d6014b76747a\">\n\n<div class=\"sow-image-container\">\n\t<img src=\"https:\/\/pro.hydrao.com\/wp-content\/uploads\/2019\/02\/img1-solution-pro-sanitaire.jpg\" width=\"472\" height=\"472\" srcset=\"https:\/\/pro.hydrao.com\/wp-content\/uploads\/2019\/02\/img1-solution-pro-sanitaire.jpg 472w, https:\/\/pro.hydrao.com\/wp-content\/uploads\/2019\/02\/img1-solution-pro-sanitaire-150x150.jpg 150w, https:\/\/pro.hydrao.com\/wp-content\/uploads\/2019\/02\/img1-solution-pro-sanitaire-300x300.jpg 300w\" sizes=\"(max-width: 472px) 100vw, 472px\" alt=\"\" \t\tclass=\"so-widget-image\"\/>\n<\/div>\n\n<\/div><\/div><\/div><\/div><div id=\"pgc-2820-1-1\"  class=\"panel-grid-cell\" ><div id=\"panel-2820-1-1-0\" class=\"so-panel widget widget_sow-editor panel-first-child panel-last-child\" data-index=\"2\" ><div class=\"so-widget-sow-editor so-widget-sow-editor-base\">\n<div class=\"siteorigin-widget-tinymce textwidget\">\n\t<p>Smart, modern and fun, HYDRAO enables your clients to reduce their utility bills and shower responsibly.<\/p>\n<h4>Key advantages:<\/h4>\n<ul class=\"benefices\">\n<li>Diversify your offering<\/li>\n<li>Attract new targets<\/li>\n<li>Build the next generation bathroom<\/li>\n<\/ul>\n<\/div>\n<\/div><\/div><\/div><\/div><\/div><div id=\"pg-2820-2\"  class=\"panel-grid panel-has-style\" ><div class=\"title-etude-de-cas hidden-option panel-row-style panel-row-style-for-2820-2\" ><div id=\"pgc-2820-2-0\"  class=\"panel-grid-cell\" ><div id=\"panel-2820-2-0-0\" class=\"so-panel widget widget_sow-editor panel-first-child panel-last-child\" data-index=\"3\" ><div class=\"so-widget-sow-editor so-widget-sow-editor-base\">\n<div class=\"siteorigin-widget-tinymce textwidget\">\n\t<h2 style=\"text-align: center;\">Case study<\/h2>\n<\/div>\n<\/div><\/div><\/div><\/div><\/div><div id=\"pg-2820-3\"  class=\"panel-grid panel-has-style\" ><div class=\"content-etude-de-cas hidden-option panel-row-style panel-row-style-for-2820-3\" ><div id=\"pgc-2820-3-0\"  class=\"panel-grid-cell\" ><div id=\"panel-2820-3-0-0\" class=\"so-panel widget widget_sow-editor panel-first-child panel-last-child\" data-index=\"4\" ><div class=\"problematique-client panel-widget-style panel-widget-style-for-2820-3-0-0\" ><div class=\"so-widget-sow-editor so-widget-sow-editor-base\">\n<div class=\"siteorigin-widget-tinymce textwidget\">\n\t<h4 style=\"text-align: right;\">Customer issues<\/h4>\n<p style=\"text-align: right;\">Lorem ipsum dolor sit amet, consectetur adipiscing elit, sed do eiusmod tempor incididunt ut labore et dolore magna aliqua. Quis ipsum suspendisse ultrices gravida. Risus commodo viverra maecenas accumsan lacus vel facilisis.<\/p>\n<\/div>\n<\/div><\/div><\/div><\/div><div id=\"pgc-2820-3-1\"  class=\"panel-grid-cell\" ><div id=\"panel-2820-3-1-0\" class=\"so-panel widget widget_sow-editor panel-first-child panel-last-child\" data-index=\"5\" ><div class=\"solution-MEP panel-widget-style panel-widget-style-for-2820-3-1-0\" ><div class=\"so-widget-sow-editor so-widget-sow-editor-base\">\n<div class=\"siteorigin-widget-tinymce textwidget\">\n\t<h4>HYDRAO Solution<\/h4>\n<p>Lorem ipsum dolor sit amet, consectetur adipiscing elit, sed do eiusmod tempor incididunt ut labore et dolore magna aliqua. Quis ipsum suspendisse ultrices gravida. Risus commodo viverra maecenas accumsan lacus vel facilisis.<\/p>\n<\/div>\n<\/div><\/div><\/div><\/div><\/div><\/div><div id=\"pg-2820-4\"  class=\"panel-grid panel-has-style\" ><div class=\"temoignage-client hidden-option panel-row-style panel-row-style-for-2820-4\" ><div id=\"pgc-2820-4-0\"  class=\"panel-grid-cell\" ><div id=\"panel-2820-4-0-0\" class=\"so-panel widget widget_sow-editor panel-first-child panel-last-child\" data-index=\"6\" ><div class=\"hidden-option panel-widget-style panel-widget-style-for-2820-4-0-0\" ><div class=\"so-widget-sow-editor so-widget-sow-editor-base\">\n<div class=\"siteorigin-widget-tinymce textwidget\">\n\t<div class=\"temoignage\">\n<div class=\"img-temoignage\"><img decoding=\"async\" loading=\"lazy\" class=\"alignnone wp-image-2216 size-full\" src=\"\/wp-content\/uploads\/2019\/01\/client.jpg\" alt=\"\" width=\"123\" height=\"123\" \/><\/div>\n<strong>Jean-Pierre D.<\/strong>\nPr\u00e9sident d\u2019un conseil syndical (38)\n<em>\u00ab Lorem ipsum dolor sit amet, consectetur adipiscing elit, sed do eiusmod tempor incididunt ut labore et dolore magna aliqua. Quis ipsum suspendisse ultrices gravida. Risus commodo viverra maecenas accumsan lacus vel facilisis. \u00bb<\/em>\n\n<\/div>\n<a class=\"livre-blanc\" title=\"White paper 10 tips to lower social housing utility bills\" href=\"#\"><strong>White paper<\/strong> 10 tips to lower social housing utility bills<\/a><\/div>\n<\/div><\/div><\/div><\/div><\/div><\/div><div id=\"pg-2820-5\"  class=\"panel-grid panel-has-style\" ><div class=\"la-technologie-hydrao panel-row-style panel-row-style-for-2820-5\" ><div id=\"pgc-2820-5-0\"  class=\"panel-grid-cell\" ><div id=\"panel-2820-5-0-0\" class=\"so-panel widget widget_sow-editor panel-first-child panel-last-child\" data-index=\"7\" ><div class=\"so-widget-sow-editor so-widget-sow-editor-base\">\n<div class=\"siteorigin-widget-tinymce textwidget\">\n\t<h2>HYDRAO Technology<\/h2>\n<p><strong>HYDRAO technology crings together 4 core commpetencies:<\/strong> energy harvesting, water meter, electronics and behavioural science.<\/p>\n<p><strong>The water turbine, at the heart of our technology,<\/strong> is both the water meter and the power generator for the embarked electronics to send real-time information to the user, through color code or wireless technology.<\/p>\n<p><strong>Our solution is already certified<\/strong> and can be applied to your design for your clients<\/p>\n<\/div>\n<\/div><\/div><\/div><div id=\"pgc-2820-5-1\"  class=\"panel-grid-cell\" ><div id=\"panel-2820-5-1-0\" class=\"widget_text so-panel widget widget_custom_html panel-first-child panel-last-child\" data-index=\"8\" ><div class=\"textwidget custom-html-widget\"><video muted id=\"anim-pommeau\" width=\"650\" height=\"650\" preload=\"auto\">\n\t<source src=\"\/wp-content\/themes\/Hydrao_pro\/img\/anim2_pommeau.mp4\" type=\"video\/mp4\">\n\t<source src=\"\/wp-content\/themes\/Hydrao_pro\/img\/anim2_pommeau.webm\" type=\"video\/webm\">\n\t<source src=\"\/wp-content\/themes\/Hydrao_pro\/img\/anim2_pommeau.ogv\" type=\"video\/ogg\">\n<\/video><\/div><\/div><\/div><\/div><\/div><div id=\"pg-2820-6\"  class=\"panel-grid panel-has-style\" ><div class=\"la-gamme-hydrao panel-row-style panel-row-style-for-2820-6\" ><div id=\"pgc-2820-6-0\"  class=\"panel-grid-cell\" ><div id=\"panel-2820-6-0-0\" class=\"so-panel widget widget_sow-editor panel-first-child panel-last-child\" data-index=\"9\" ><div class=\"so-widget-sow-editor so-widget-sow-editor-base\">\n<div class=\"siteorigin-widget-tinymce textwidget\">\n\t<h2 style=\"text-align: center;\">HYDRAO product range<\/h2>\n<div class=\"img-gamme-hydrao\">\n\n<figure id=\"attachment_2198\" aria-describedby=\"caption-attachment-2198\" style=\"width: 217px\" class=\"wp-caption alignnone\"><a title=\"HYDRAO Alo\u00e9\" href=\"https:\/\/www.hydrao.com\/en\/store\/shower-coach\/hydrao-shower-aloe\" target=\"_blank\" rel=\"noopener\"><img decoding=\"async\" loading=\"lazy\" class=\"wp-image-2198 size-full\" src=\"\/wp-content\/uploads\/2019\/01\/photo-produit-Aloe.jpg\" alt=\"\" width=\"217\" height=\"150\" \/><\/a><figcaption id=\"caption-attachment-2198\" class=\"wp-caption-text\">HYDRAO Alo\u00e9<\/figcaption><\/figure>\n\n<figure id=\"attachment_2200\" aria-describedby=\"caption-attachment-2200\" style=\"width: 217px\" class=\"wp-caption alignnone\"><a title=\"HYDRAO Cereus\" href=\"https:\/\/www.hydrao.com\/en\/store\/shower-coach\/hydrao-cereus\" target=\"_blank\" rel=\"noopener\"><img decoding=\"async\" loading=\"lazy\" class=\"wp-image-2200 size-full\" src=\"\/wp-content\/uploads\/2019\/01\/photo-produit-Cereus.jpg\" alt=\"\" width=\"217\" height=\"150\" \/><\/a><figcaption id=\"caption-attachment-2200\" class=\"wp-caption-text\">HYDRAO Cereus<\/figcaption><\/figure>\n\n<figure id=\"attachment_2202\" aria-describedby=\"caption-attachment-2202\" style=\"width: 217px\" class=\"wp-caption alignnone\"><a title=\"HYDRAO Yucca\" href=\"https:\/\/www.hydrao.com\/en\/store\/shower-coach\/hydrao-yucca\" target=\"_blank\" rel=\"noopener\"><img decoding=\"async\" loading=\"lazy\" class=\"wp-image-2202 size-full\" src=\"\/wp-content\/uploads\/2019\/01\/photo-produit-Yucca.jpg\" alt=\"\" width=\"217\" height=\"150\" \/><\/a><figcaption id=\"caption-attachment-2202\" class=\"wp-caption-text\">HYDRAO Yucca<\/figcaption><\/figure>\n\n<\/div>\n<p style=\"text-align: center;\"><strong>Diversify your offering thanks to HYDRAO.<\/strong>\nThe showerhead, rainshower or wall mounted shower are smart, sleek and have HYDRAO technology. The user gets real-time feedback of his water usage thanks to th color code and the bluetooth connectivity to the free HYDRAO Smart Shower app on smartphone.<\/p><\/div>\n<\/div><\/div><\/div><\/div><\/div><div id=\"pg-2820-7\"  class=\"panel-grid panel-has-style\" ><div class=\"title-suivi-de-projet panel-row-style panel-row-style-for-2820-7\" ><div id=\"pgc-2820-7-0\"  class=\"panel-grid-cell\" ><div id=\"panel-2820-7-0-0\" class=\"so-panel widget widget_sow-editor panel-first-child panel-last-child\" data-index=\"10\" ><div class=\"so-widget-sow-editor so-widget-sow-editor-base\">\n<div class=\"siteorigin-widget-tinymce textwidget\">\n\t<h2 style=\"text-align: center;\">HYDRAO in store<\/h2>\n<p style=\"text-align: center;\"><strong>Attract new customers with HYDRAO Shower.<\/strong><br \/>\nArouse the curiosity of your clients with a colourful and bright shop front.<\/p>\n<\/div>\n<\/div><\/div><\/div><\/div><\/div><div id=\"pg-2820-8\"  class=\"panel-grid panel-has-style\" ><div class=\"content-suivi-de-projet panel-row-style panel-row-style-for-2820-8\" ><div id=\"pgc-2820-8-0\"  class=\"panel-grid-cell\" ><div id=\"panel-2820-8-0-0\" class=\"so-panel widget widget_sow-image panel-first-child panel-last-child\" data-index=\"11\" ><div class=\"so-widget-sow-image so-widget-sow-image-default-d6014b76747a\">\n\n<div class=\"sow-image-container\">\n\t<img src=\"https:\/\/pro.hydrao.com\/wp-content\/uploads\/2019\/02\/img2-solution-pro-sanitaire.jpg\" width=\"458\" height=\"306\" srcset=\"https:\/\/pro.hydrao.com\/wp-content\/uploads\/2019\/02\/img2-solution-pro-sanitaire.jpg 458w, https:\/\/pro.hydrao.com\/wp-content\/uploads\/2019\/02\/img2-solution-pro-sanitaire-300x200.jpg 300w, https:\/\/pro.hydrao.com\/wp-content\/uploads\/2019\/02\/img2-solution-pro-sanitaire-272x182.jpg 272w\" sizes=\"(max-width: 458px) 100vw, 458px\" alt=\"\" \t\tclass=\"so-widget-image\"\/>\n<\/div>\n\n<\/div><\/div><\/div><div id=\"pgc-2820-8-1\"  class=\"panel-grid-cell\" ><div id=\"panel-2820-8-1-0\" class=\"so-panel widget widget_sow-editor panel-first-child panel-last-child\" data-index=\"12\" ><div class=\"so-widget-sow-editor so-widget-sow-editor-base\">\n<div class=\"siteorigin-widget-tinymce textwidget\">\n\t<p><strong>Amaze them with the water and energy savings made possible thanks to HYDRAO,<\/strong> up to 500 \u20ac per year for a family of 4!<\/p>\n<p>Show them the HYDRAO Smart Shower app, personalization and monitoring to close your sale.<\/p>\n<p><a class=\"contactez-nous\" title=\"Contactez-nous\" href=\"\/en\/contact-us\">Get HYDRAO in you stores<\/a><\/p>\n<\/div>\n<\/div><\/div><\/div><\/div><\/div><div id=\"pg-2820-9\"  class=\"panel-grid panel-has-style\" ><div class=\"title-nos-partenaires hidden-option panel-row-style panel-row-style-for-2820-9\" ><div id=\"pgc-2820-9-0\"  class=\"panel-grid-cell\" ><div id=\"panel-2820-9-0-0\" class=\"so-panel widget widget_sow-editor panel-first-child panel-last-child\" data-index=\"13\" ><div class=\"so-widget-sow-editor so-widget-sow-editor-base\">\n<div class=\"siteorigin-widget-tinymce textwidget\">\n\t<h2>Our partnerships<\/h2>\n<\/div>\n<\/div><\/div><\/div><\/div><\/div><div id=\"pg-2820-10\"  class=\"panel-grid panel-has-style\" ><div class=\"txt-nos-partenaires hidden-option panel-row-style panel-row-style-for-2820-10\" ><div id=\"pgc-2820-10-0\"  class=\"panel-grid-cell\" ><div id=\"panel-2820-10-0-0\" class=\"so-panel widget widget_siteorigin-panels-builder panel-first-child panel-last-child\" data-index=\"14\" ><div class=\"col-left-partenaire panel-widget-style panel-widget-style-for-2820-10-0-0\" ><div id=\"pl-w5c65924852254\"  class=\"panel-layout\" ><div id=\"pg-w5c65924852254-0\"  class=\"panel-grid panel-no-style\" ><div id=\"pgc-w5c65924852254-0-0\"  class=\"panel-grid-cell\" ><div id=\"panel-w5c65924852254-0-0-0\" class=\"so-panel widget widget_sow-image panel-first-child panel-last-child\" data-index=\"0\" ><div class=\"img-left-partenaire panel-widget-style panel-widget-style-for-w5c65924852254-0-0-0\" ><div class=\"so-widget-sow-image so-widget-sow-image-default-d6014b76747a\">\n\n<div class=\"sow-image-container\">\n\t<img src=\"https:\/\/pro.hydrao.com\/wp-content\/uploads\/2019\/01\/logo-UGS.jpg\" width=\"200\" height=\"91\" sizes=\"(max-width: 200px) 100vw, 200px\" title=\"Ce pommeau de douche connect\u00e9 est un investissement utile.\" alt=\"\" \t\tclass=\"so-widget-image\"\/>\n<\/div>\n\n<\/div><\/div><\/div><\/div><div id=\"pgc-w5c65924852254-0-1\"  class=\"panel-grid-cell\" ><div id=\"panel-w5c65924852254-0-1-0\" class=\"so-panel widget widget_sow-editor panel-first-child panel-last-child\" data-index=\"1\" ><div class=\"txt-left-partenaire panel-widget-style panel-widget-style-for-w5c65924852254-0-1-0\" ><div class=\"so-widget-sow-editor so-widget-sow-editor-base\">\n<div class=\"siteorigin-widget-tinymce textwidget\">\n\t<p>ULISSE Energie is an integration company developping the \"SOLENI\" program: a support service for the control of energy for precarious households.<\/p>\n<\/div>\n<\/div><\/div><\/div><\/div><\/div><\/div><\/div><\/div><\/div><div id=\"pgc-2820-10-1\"  class=\"panel-grid-cell\" ><div id=\"panel-2820-10-1-0\" class=\"so-panel widget widget_siteorigin-panels-builder panel-first-child panel-last-child\" data-index=\"15\" ><div class=\"col-right-partenaire panel-widget-style panel-widget-style-for-2820-10-1-0\" ><div id=\"pl-w5c6592485a69e\"  class=\"panel-layout\" ><div id=\"pg-w5c6592485a69e-0\"  class=\"panel-grid panel-no-style\" ><div id=\"pgc-w5c6592485a69e-0-0\"  class=\"panel-grid-cell\" ><div id=\"panel-w5c6592485a69e-0-0-0\" class=\"so-panel widget widget_sow-image panel-first-child panel-last-child\" data-index=\"0\" ><div class=\"img-right-partenaire panel-widget-style panel-widget-style-for-w5c6592485a69e-0-0-0\" ><div class=\"so-widget-sow-image so-widget-sow-image-default-d6014b76747a\">\n\n<div class=\"sow-image-container\">\n\t<img src=\"https:\/\/pro.hydrao.com\/wp-content\/uploads\/2019\/01\/logo-ecowhat.jpg\" width=\"83\" height=\"83\" sizes=\"(max-width: 83px) 100vw, 83px\" title=\"HYDRAO est d\u00e9finitivement une solution pratique, \u00e9cologique, ludique et p\u00e9dagogique, dont l&#039;utilisation devient addictive.\" alt=\"\" \t\tclass=\"so-widget-image\"\/>\n<\/div>\n\n<\/div><\/div><\/div><\/div><div id=\"pgc-w5c6592485a69e-0-1\"  class=\"panel-grid-cell\" ><div id=\"panel-w5c6592485a69e-0-1-0\" class=\"so-panel widget widget_sow-editor panel-first-child panel-last-child\" data-index=\"1\" ><div class=\"txt-right-partenaire panel-widget-style panel-widget-style-for-w5c6592485a69e-0-1-0\" ><div class=\"so-widget-sow-editor so-widget-sow-editor-base\">\n<div class=\"siteorigin-widget-tinymce textwidget\">\n\t<p>EcoWhat supports individuals, businesses and institutions in a fun environmental approach focused on energy savings, waste management and sustainable consumption.<\/p>\n<\/div>\n<\/div><\/div><\/div><\/div><\/div><\/div><\/div><\/div><\/div><\/div><\/div><div id=\"pg-2820-11\"  class=\"panel-grid panel-has-style\" ><div class=\"title-ils-nous-font-confiance hidden-option panel-row-style panel-row-style-for-2820-11\" ><div id=\"pgc-2820-11-0\"  class=\"panel-grid-cell\" ><div id=\"panel-2820-11-0-0\" class=\"so-panel widget widget_sow-editor panel-first-child panel-last-child\" data-index=\"16\" ><div class=\"so-widget-sow-editor so-widget-sow-editor-base\">\n<div class=\"siteorigin-widget-tinymce textwidget\">\n\t<h2 style=\"text-align: center;\">They trust us<\/h2>\n<\/div>\n<\/div><\/div><\/div><\/div><\/div><div id=\"pg-2820-12\"  class=\"panel-grid panel-has-style\" ><div class=\"liste-logos-clients hidden-option panel-row-style panel-row-style-for-2820-12\" ><div id=\"pgc-2820-12-0\"  class=\"panel-grid-cell\" ><div id=\"panel-2820-12-0-0\" class=\"so-panel widget widget_pods_widget_list pods_widget_list panel-first-child panel-last-child\" data-index=\"17\" >\r\n\t\r\n\t\t<div class=\"logo-clients\">\r\n\t\t\t\r\n\t\t\t\t<img src=\"https:\/\/pro.hydrao.com\/wp-content\/uploads\/2019\/02\/Big_Ben.jpg\" alt=\"Big Ben\" \/>\r\n\t\t\t\r\n\t\t<\/div>\r\n\t\r\n\t\t<div class=\"logo-clients\">\r\n\t\t\t\r\n\t\t\t\t<img src=\"https:\/\/pro.hydrao.com\/wp-content\/uploads\/2016\/12\/enki-leroymerlin.png\" alt=\"Enki (by Leroy Merlin)\" \/>\r\n\t\t\t\r\n\t\t<\/div>\r\n\t\r\n\t\t<div class=\"logo-clients\">\r\n\t\t\t\r\n\t\t\t\t<img src=\"https:\/\/pro.hydrao.com\/wp-content\/uploads\/2016\/12\/orange.png\" alt=\"Orange\" \/>\r\n\t\t\t\r\n\t\t<\/div>\r\n\t\r\n<\/div><\/div><\/div><\/div><\/div>","protected":false},"excerpt":{"rendered":"<p>HYDRAO solutions for sanitary ditributors The next generation bathroom is smart. Include HYDRAO line-up in your product offer. Smart, modern and fun, HYDRAO enables your clients to reduce their utility bills and shower responsibly. Key advantages: Diversify your offering Attract new targets Build the next generation bathroom<\/p>\n","protected":false},"author":7,"featured_media":0,"parent":0,"menu_order":0,"comment_status":"closed","ping_status":"closed","template":"","meta":[],"acf":[],"yoast_head":"<!-- This site is optimized with the Yoast SEO plugin v16.2 - https:\/\/yoast.com\/wordpress\/plugins\/seo\/ -->\n<title>Solutions for water distributors (Sanitary channel) - Hydrao<\/title>\n<meta name=\"description\" content=\"Modern, connected and fun, HYDRAO solutions will allow your customers to reduce their bills and have a responsible consumption.\" \/>\n<meta name=\"robots\" content=\"index, follow, max-snippet:-1, max-image-preview:large, max-video-preview:-1\" \/>\n<link rel=\"canonical\" href=\"https:\/\/pro.hydrao.com\/en\/sanitary-channel\/\" \/>\n<meta property=\"og:locale\" content=\"en_US\" \/>\n<meta property=\"og:type\" content=\"article\" \/>\n<meta property=\"og:title\" content=\"Solutions for water distributors (Sanitary channel) - Hydrao\" \/>\n<meta property=\"og:description\" content=\"Modern, connected and fun, HYDRAO solutions will allow your customers to reduce their bills and have a responsible consumption.\" \/>\n<meta property=\"og:url\" content=\"https:\/\/pro.hydrao.com\/en\/sanitary-channel\/\" \/>\n<meta property=\"og:site_name\" content=\"HYDRAO | Professional Solutions\" \/>\n<meta property=\"article:publisher\" content=\"https:\/\/www.facebook.com\/Hydrao.smartshower\/\" \/>\n<meta property=\"article:modified_time\" content=\"2021-06-08T13:59:01+00:00\" \/>\n<meta property=\"og:image\" content=\"https:\/\/pro.hydrao.com\/wp-content\/uploads\/2019\/01\/client.jpg\" \/>\n<meta name=\"twitter:card\" content=\"summary_large_image\" \/>\n<meta name=\"twitter:site\" content=\"@Hydrao_\" \/>\n<meta name=\"twitter:label1\" content=\"Est. reading time\">\n\t<meta name=\"twitter:data1\" content=\"2 minutes\">\n<script type=\"application\/ld+json\" class=\"yoast-schema-graph\">{\"@context\":\"https:\/\/schema.org\",\"@graph\":[{\"@type\":\"Organization\",\"@id\":\"https:\/\/pro.hydrao.com\/#organization\",\"name\":\"HYDRAO\",\"url\":\"https:\/\/pro.hydrao.com\/\",\"sameAs\":[\"https:\/\/www.facebook.com\/Hydrao.smartshower\/\",\"https:\/\/www.linkedin.com\/company-beta\/5353857\/\",\"https:\/\/www.youtube.com\/channel\/UCwQfdEIplJ_LEtTZWcSfjwQ\",\"https:\/\/twitter.com\/Hydrao_\"],\"logo\":{\"@type\":\"ImageObject\",\"@id\":\"https:\/\/pro.hydrao.com\/#logo\",\"inLanguage\":\"en-US\",\"url\":\"https:\/\/pro.hydrao.com\/wp-content\/uploads\/2017\/03\/hydrao-pro-logo-blue.png\",\"contentUrl\":\"https:\/\/pro.hydrao.com\/wp-content\/uploads\/2017\/03\/hydrao-pro-logo-blue.png\",\"width\":255,\"height\":24,\"caption\":\"HYDRAO\"},\"image\":{\"@id\":\"https:\/\/pro.hydrao.com\/#logo\"}},{\"@type\":\"WebSite\",\"@id\":\"https:\/\/pro.hydrao.com\/#website\",\"url\":\"https:\/\/pro.hydrao.com\/\",\"name\":\"HYDRAO | Professional Solutions\",\"description\":\"Smart Solutions for Water Conservation and Management\",\"publisher\":{\"@id\":\"https:\/\/pro.hydrao.com\/#organization\"},\"potentialAction\":[{\"@type\":\"SearchAction\",\"target\":\"https:\/\/pro.hydrao.com\/?s={search_term_string}\",\"query-input\":\"required name=search_term_string\"}],\"inLanguage\":\"en-US\"},{\"@type\":\"ImageObject\",\"@id\":\"https:\/\/pro.hydrao.com\/en\/sanitary-channel\/#primaryimage\",\"inLanguage\":\"en-US\",\"url\":\"\/wp-content\/uploads\/2019\/01\/client.jpg\",\"contentUrl\":\"\/wp-content\/uploads\/2019\/01\/client.jpg\"},{\"@type\":\"WebPage\",\"@id\":\"https:\/\/pro.hydrao.com\/en\/sanitary-channel\/#webpage\",\"url\":\"https:\/\/pro.hydrao.com\/en\/sanitary-channel\/\",\"name\":\"Solutions for water distributors (Sanitary channel) - Hydrao\",\"isPartOf\":{\"@id\":\"https:\/\/pro.hydrao.com\/#website\"},\"primaryImageOfPage\":{\"@id\":\"https:\/\/pro.hydrao.com\/en\/sanitary-channel\/#primaryimage\"},\"datePublished\":\"2019-02-01T13:03:11+00:00\",\"dateModified\":\"2021-06-08T13:59:01+00:00\",\"description\":\"Modern, connected and fun, HYDRAO solutions will allow your customers to reduce their bills and have a responsible consumption.\",\"breadcrumb\":{\"@id\":\"https:\/\/pro.hydrao.com\/en\/sanitary-channel\/#breadcrumb\"},\"inLanguage\":\"en-US\",\"potentialAction\":[{\"@type\":\"ReadAction\",\"target\":[\"https:\/\/pro.hydrao.com\/en\/sanitary-channel\/\"]}]},{\"@type\":\"BreadcrumbList\",\"@id\":\"https:\/\/pro.hydrao.com\/en\/sanitary-channel\/#breadcrumb\",\"itemListElement\":[{\"@type\":\"ListItem\",\"position\":1,\"item\":{\"@type\":\"WebPage\",\"@id\":\"https:\/\/pro.hydrao.com\/en\/\",\"url\":\"https:\/\/pro.hydrao.com\/en\/\",\"name\":\"Home\"}},{\"@type\":\"ListItem\",\"position\":2,\"item\":{\"@id\":\"https:\/\/pro.hydrao.com\/en\/sanitary-channel\/#webpage\"}}]}]}<\/script>\n<!-- \/ Yoast SEO plugin. -->","_links":{"self":[{"href":"https:\/\/pro.hydrao.com\/en\/wp-json\/wp\/v2\/pages\/2820"}],"collection":[{"href":"https:\/\/pro.hydrao.com\/en\/wp-json\/wp\/v2\/pages"}],"about":[{"href":"https:\/\/pro.hydrao.com\/en\/wp-json\/wp\/v2\/types\/page"}],"author":[{"embeddable":true,"href":"https:\/\/pro.hydrao.com\/en\/wp-json\/wp\/v2\/users\/7"}],"replies":[{"embeddable":true,"href":"https:\/\/pro.hydrao.com\/en\/wp-json\/wp\/v2\/comments?post=2820"}],"version-history":[{"count":22,"href":"https:\/\/pro.hydrao.com\/en\/wp-json\/wp\/v2\/pages\/2820\/revisions"}],"predecessor-version":[{"id":8542,"href":"https:\/\/pro.hydrao.com\/en\/wp-json\/wp\/v2\/pages\/2820\/revisions\/8542"}],"wp:attachment":[{"href":"https:\/\/pro.hydrao.com\/en\/wp-json\/wp\/v2\/media?parent=2820"}],"curies":[{"name":"wp","href":"https:\/\/api.w.org\/{rel}","templated":true}]}}