{"id":5427,"date":"2020-02-17T16:45:10","date_gmt":"2020-02-17T15:45:10","guid":{"rendered":"https:\/\/pro.hydrao.com\/smart-building\/"},"modified":"2020-02-24T16:18:28","modified_gmt":"2020-02-24T15:18:28","slug":"smart-building","status":"publish","type":"page","link":"https:\/\/pro.hydrao.com\/en\/smart-building\/","title":{"rendered":"Smart Building"},"content":{"rendered":"<div id=\"pl-5427\"  class=\"panel-layout\" ><div id=\"pg-5427-0\"  class=\"panel-grid panel-has-style\" ><div class=\"Slider_SmartBuildingPage panel-row-style panel-row-style-for-5427-0\" ><div id=\"pgc-5427-0-0\"  class=\"panel-grid-cell\" ><div id=\"panel-5427-0-0-0\" class=\"widget_text so-panel widget widget_custom_html panel-first-child panel-last-child\" data-index=\"0\" ><div class=\"textwidget custom-html-widget\"><div class=Titre_Slider_SmartBuildingPage>\n\t<h1>Hydrao, major player in Smart Building<\/h1>\n<\/div>\n\n<div class=Desc_Slider_SmartBuildingPage>\n\t<h2>\n\tCompliance with the new RE 2020 regulations, simple and educational dashboards for water consumption, awareness on the environmental impact of our behaviors : Hydrao's integrated and connected solutions measure and control the use of water in buildings and help operators to reach their energy efficiency goal.\n\t\t<br \/>\n\t\t<br \/>\n\t<\/h2>\n<\/div>\n\n<a href=\"https:\/\/pro.hydrao.com\/en\/contact-us\/\" target=\"_blank\" class=\"CTA_Slider_SmartBuildingPage\" rel=\"noopener\">Contact Us<\/a><\/div><\/div><\/div><\/div><\/div><div id=\"pg-5427-1\"  class=\"panel-grid panel-has-style\" ><div class=\"Keypoint_SmartBuildingPage panel-row-style panel-row-style-for-5427-1\" ><div id=\"pgc-5427-1-0\"  class=\"panel-grid-cell\" ><div id=\"panel-5427-1-0-0\" class=\"widget_text so-panel widget widget_custom_html panel-first-child\" data-index=\"1\" ><div class=\"widget_text Keypoint_Left_SmartBuildingPage panel-widget-style panel-widget-style-for-5427-1-0-0\" ><div class=\"textwidget custom-html-widget\"><div class=\"Listing_Keypoint_SmartBuildingPage\">\n\t<img alt=\"Water usage measurement and control\" src=\"https:\/\/pro.hydrao.com\/wp-content\/uploads\/2020\/02\/Pilotage.png\"\/>\n\t<div>\n\t\t<div class=Title_Keypoint_SmartBuildingPage>\n\t\t\tWater usage measurement and control\n\t\t<\/div>\n\t\t<div class=Desc_Keypoint_SmartBuildingPage>\n\t\t\tHydrao solutions allow real-time monitoring of sanitary hot water consumption in the residential, tertiary or collective facilities. This information, either detailed or as an executive dashboard, can be accessed via Hydrao\u2019s secure platform, or integrated within existing solutions.\n\t\t<\/div>\n\t<\/div>\n<\/div><\/div><\/div><\/div><div id=\"panel-5427-1-0-1\" class=\"widget_text so-panel widget widget_custom_html panel-last-child\" data-index=\"2\" ><div class=\"widget_text Keypoint_Left_SmartBuildingPage panel-widget-style panel-widget-style-for-5427-1-0-1\" ><div class=\"textwidget custom-html-widget\"><div class=\"Listing_Keypoint_SmartBuildingPage\">\n\t<img alt=\"Usage Business model\" src=\"https:\/\/pro.hydrao.com\/wp-content\/uploads\/2020\/01\/Attractivite.png\"\/>\n\t<div>\n\t\t<div class=Title_Keypoint_SmartBuildingPage>\n\t\t\tUsage Business model\n\t\t<\/div>\n\t\t<div class=Desc_Keypoint_SmartBuildingPage>\n\t\t\tThe key point for the manager of an hotel, a collective facility or a set of accommodation is to be able to provide the best service to customers and users and to be assured of the durability of its facilities, of the flexibility of their evolution and the quality of their maintenance. Hydrao offers its customers innovative business models in the form of a global service including equipment, technical infrastructure and access to the secure platform.\n\t\t<\/div>\n\t<\/div>\n<\/div><\/div><\/div><\/div><\/div><div id=\"pgc-5427-1-1\"  class=\"panel-grid-cell\" ><div id=\"panel-5427-1-1-0\" class=\"widget_text so-panel widget widget_custom_html panel-first-child\" data-index=\"3\" ><div class=\"widget_text Keypoint_Right_SmartBuildingPage panel-widget-style panel-widget-style-for-5427-1-1-0\" ><div class=\"textwidget custom-html-widget\"><div class=\"Listing_Keypoint_SmartBuildingPage\">\n\t<img alt=\"Modelization of usages\" src=\"https:\/\/pro.hydrao.com\/wp-content\/uploads\/2020\/01\/Technologie.png\"\/>\n\t<div>\n\t\t<div class=Title_Keypoint_SmartBuildingPage>\n\t\t\tModelization of usages\n\t\t<\/div>\n\t\t<div class=Desc_Keypoint_SmartBuildingPage>\n\t\t\tAnticipate the evolution of energy expenses, appropriately size water heating equipment, better understand behavior: Hydrao solutions make it possible to modelize usages in order to optimizing costs and consumption\n\t\t<\/div>\n\t<\/div>\n<\/div><\/div><\/div><\/div><div id=\"panel-5427-1-1-1\" class=\"widget_text so-panel widget widget_custom_html panel-last-child\" data-index=\"4\" ><div class=\"widget_text Keypoint_Right_SmartBuildingPage panel-widget-style panel-widget-style-for-5427-1-1-1\" ><div class=\"textwidget custom-html-widget\"><div class=\"Listing_Keypoint_SmartBuildingPage\">\n\t<img alt=\"Leaks detection\" src=\"https:\/\/pro.hydrao.com\/wp-content\/uploads\/2020\/01\/Analyse.png\"\/>\n\t<div>\n\t\t<div class=Title_Keypoint_SmartBuildingPage>\n\t\t\tLeaks detection\n\t\t<\/div>\n\t\t<div class=Desc_Keypoint_SmartBuildingPage>\n\t\t\tLeaks are not only an unacceptable waste of an increasingly critical resource, but they can come also at an unaffordable cost if not detected in time. The Hydrao solution makes it possible to alert almost in real time, in the event of a significant leak, or to detect abnormal consumption over time through the modelization of usages\n\t\t<\/div>\n\t<\/div>\n<\/div><\/div><\/div><\/div><\/div><\/div><\/div><div id=\"pg-5427-2\"  class=\"panel-grid panel-has-style\" ><div class=\"panel-row-style panel-row-style-for-5427-2\" ><div id=\"pgc-5427-2-0\"  class=\"panel-grid-cell\" ><div id=\"panel-5427-2-0-0\" class=\"so-panel widget widget_sow-image panel-first-child\" data-index=\"5\" ><div class=\"so-widget-sow-image so-widget-sow-image-default-d6014b76747a\">\n\n<div class=\"sow-image-container\">\n<a href=\"https:\/\/www.smartbuildingsalliance.org\/\" target=\"_blank\" rel=\"noopener noreferrer\" >\t<img src=\"https:\/\/pro.hydrao.com\/wp-content\/uploads\/2020\/02\/Smart-Building-Alliance.png\" width=\"1213\" height=\"1213\" srcset=\"https:\/\/pro.hydrao.com\/wp-content\/uploads\/2020\/02\/Smart-Building-Alliance.png 1213w, https:\/\/pro.hydrao.com\/wp-content\/uploads\/2020\/02\/Smart-Building-Alliance-150x150.png 150w, https:\/\/pro.hydrao.com\/wp-content\/uploads\/2020\/02\/Smart-Building-Alliance-300x300.png 300w, https:\/\/pro.hydrao.com\/wp-content\/uploads\/2020\/02\/Smart-Building-Alliance-768x768.png 768w, https:\/\/pro.hydrao.com\/wp-content\/uploads\/2020\/02\/Smart-Building-Alliance-1024x1024.png 1024w\" sizes=\"(max-width: 1213px) 100vw, 1213px\" alt=\"\" \t\tclass=\"so-widget-image\"\/>\n<\/a><\/div>\n\n<\/div><\/div><div id=\"panel-5427-2-0-1\" class=\"widget_text so-panel widget widget_custom_html panel-last-child\" data-index=\"6\" ><div class=\"widget_text Sba_SmartBuildingPage panel-widget-style panel-widget-style-for-5427-2-0-1\" ><div class=\"textwidget custom-html-widget\"><div class=\"Titre_Sba_SmartBuildingPage\">\n\tHydrao member of the <b><a href=\"https:\/\/www.smartbuildingsalliance.org\/\" target=\"_blank\" rel=\"noopener\">Smart Building Alliance<\/a><\/b>\n<\/div>\n\n<div class=\"Desc_Sba_SmartBuildingPage\">\n\tThe building sector represents <b>44% of the energy consumed in France<\/b>, far ahead of the transport sector (31%). To make the building more energy efficient, it is necessary to massively renovate the existing ones, to develop more demanding standards for new buildings and to be able to measure and control the consumption of energy and fluids. In particular sanitary hot water) which has become a strategic issue following the progress made in other areas such as insulation and heating.\n\t<br\/><br\/>\n\tIt is therefore natural that Hydrao joined the <b>SBA<\/b> to raise concerns related to water consumption and to be proactive in better measuring, controlling and reducing it.\n<\/div><\/div><\/div><\/div><\/div><\/div><\/div><div id=\"pg-5427-3\"  class=\"panel-grid panel-has-style\" ><div class=\"panel-row-style panel-row-style-for-5427-3\" ><div id=\"pgc-5427-3-0\"  class=\"panel-grid-cell\" ><div id=\"panel-5427-3-0-0\" class=\"widget_text so-panel widget widget_custom_html panel-first-child panel-last-child\" data-index=\"7\" ><div class=\"widget_text Explication_SmartBuildingPage panel-widget-style panel-widget-style-for-5427-3-0-0\" ><div class=\"textwidget custom-html-widget\"><div class=\"Titre_Explication_SmartBuildingPage\">\n\tWhat is <b>SmartBuilding<\/b> ?\n<\/div>\n\n<div class=\"Desc_Explication_SmartBuildingPage\">\n\tA <b>\"smart building\"<\/b> incorporates a layer of digital tools allowing, among other things, the optimization of energy resources, user comfort, building security, etc.\n\t<br \/><br \/>\n\tSensors make it possible to recover a <b>large amount of data: temperature, water consumption, presence, opening of doors and windows, etc.<\/b> It is also possible to integrate information from <b>building management systems (BMS)<\/b> or data external to the building : nearby public transport timetable, weather forecast, etc.\n\t<br \/><br \/>\n\t<b>The smart building<\/b> thus becomes more operationally efficient, more comfortable and healthy for these occupants, and thanks to the optimization of its consumption is a key factor in the energy transition.\n\t<br \/><br \/>\n\t<div class=\"carousel-slider-outer carousel-slider-outer-images carousel-slider-outer-5433\">\n\t<style type=\"text\/css\">\n            #id-5433 .carousel-slider-nav-icon {\n                fill: #f1f1f1\n            }\n            #id-5433 .carousel-slider-nav-icon:hover {\n                fill: #2196f3\n            }\n            #id-5433 .owl-prev,\n            #id-5433 .owl-next,\n            #id-5433 .carousel-slider-nav-icon {\n                height: 48px;\n                width: 48px\n            }\n            #id-5433.arrows-outside .owl-prev {\n                left: -48px\n            }\n            #id-5433.arrows-outside .owl-next {\n                right: -48px\n            }\n        \n\t\t    #id-5433 .owl-dots .owl-dot span {\n                background-color: #f1f1f1;\n                width: 10px;\n                height: 10px;\n            }\n            #id-5433 .owl-dots .owl-dot.active span,\n            #id-5433 .owl-dots .owl-dot:hover span {\n                background-color: #2196f3\n            }\n\t\t<\/style>\t<div id=\"id-5433\" class=\"owl-carousel carousel-slider arrows-outside arrows-visible-hover dots-visible-always dots-center dots-square\" data-slide-type=\"image-carousel\" data-margin=\"10\" data-slide-by=\"1\" data-loop=\"false\" data-lazy-load=\"false\" data-stage-padding=\"0\" data-auto-width=\"false\" data-dots=\"true\" data-nav=\"true\" data-autoplay=\"false\" data-autoplay-timeout=\"5000\" data-autoplay-speed=\"500\" data-autoplay-hover-pause=\"false\" data-colums=\"6\" data-colums-desktop=\"6\" data-colums-small-desktop=\"6\" data-colums-tablet=\"3\" data-colums-small-tablet=\"2\" data-colums-mobile=\"1\">\n\t\t<div class=\"carousel-slider__item\"><img width=\"64\" height=\"64\" src=\"https:\/\/pro.hydrao.com\/wp-content\/uploads\/2020\/02\/Pommeau.png\" class=\"attachment-full size-full\" alt=\"\" decoding=\"async\" loading=\"lazy\" sizes=\"(max-width: 34.9rem) calc(100vw - 2rem), (max-width: 53rem) calc(8 * (100vw \/ 12)), (min-width: 53rem) calc(6 * (100vw \/ 12)), 100vw\" \/><\/div><div class=\"carousel-slider__item\"><img width=\"64\" height=\"64\" src=\"https:\/\/pro.hydrao.com\/wp-content\/uploads\/2020\/02\/Meter.png\" class=\"attachment-full size-full\" alt=\"\" decoding=\"async\" loading=\"lazy\" sizes=\"(max-width: 34.9rem) calc(100vw - 2rem), (max-width: 53rem) calc(8 * (100vw \/ 12)), (min-width: 53rem) calc(6 * (100vw \/ 12)), 100vw\" \/><\/div><div class=\"carousel-slider__item\"><img width=\"64\" height=\"64\" src=\"https:\/\/pro.hydrao.com\/wp-content\/uploads\/2020\/02\/Radiateur.png\" class=\"attachment-full size-full\" alt=\"\" decoding=\"async\" loading=\"lazy\" sizes=\"(max-width: 34.9rem) calc(100vw - 2rem), (max-width: 53rem) calc(8 * (100vw \/ 12)), (min-width: 53rem) calc(6 * (100vw \/ 12)), 100vw\" \/><\/div><div class=\"carousel-slider__item\"><img width=\"64\" height=\"64\" src=\"https:\/\/pro.hydrao.com\/wp-content\/uploads\/2020\/02\/Panneau-Solaire.png\" class=\"attachment-full size-full\" alt=\"\" decoding=\"async\" loading=\"lazy\" sizes=\"(max-width: 34.9rem) calc(100vw - 2rem), (max-width: 53rem) calc(8 * (100vw \/ 12)), (min-width: 53rem) calc(6 * (100vw \/ 12)), 100vw\" \/><\/div><div class=\"carousel-slider__item\"><img width=\"64\" height=\"64\" src=\"https:\/\/pro.hydrao.com\/wp-content\/uploads\/2020\/02\/Borne-De-Recharge.png\" class=\"attachment-full size-full\" alt=\"\" decoding=\"async\" loading=\"lazy\" sizes=\"(max-width: 34.9rem) calc(100vw - 2rem), (max-width: 53rem) calc(8 * (100vw \/ 12)), (min-width: 53rem) calc(6 * (100vw \/ 12)), 100vw\" \/><\/div><div class=\"carousel-slider__item\"><img width=\"64\" height=\"64\" src=\"https:\/\/pro.hydrao.com\/wp-content\/uploads\/2020\/02\/Fenetre.png\" class=\"attachment-full size-full\" alt=\"\" decoding=\"async\" loading=\"lazy\" sizes=\"(max-width: 34.9rem) calc(100vw - 2rem), (max-width: 53rem) calc(8 * (100vw \/ 12)), (min-width: 53rem) calc(6 * (100vw \/ 12)), 100vw\" \/><\/div><div class=\"carousel-slider__item\"><img width=\"64\" height=\"64\" src=\"https:\/\/pro.hydrao.com\/wp-content\/uploads\/2020\/02\/Electromenager.png\" class=\"attachment-full size-full\" alt=\"\" decoding=\"async\" loading=\"lazy\" sizes=\"(max-width: 34.9rem) calc(100vw - 2rem), (max-width: 53rem) calc(8 * (100vw \/ 12)), (min-width: 53rem) calc(6 * (100vw \/ 12)), 100vw\" \/><\/div>\t<\/div><!-- #id-## -->\n<\/div>\n\n<\/div><\/div><\/div><\/div><\/div><\/div><\/div><div id=\"pg-5427-4\"  class=\"panel-grid panel-has-style\" ><div class=\"panel-row-style panel-row-style-for-5427-4\" ><div id=\"pgc-5427-4-0\"  class=\"panel-grid-cell\" ><div id=\"panel-5427-4-0-0\" class=\"widget_text so-panel widget widget_custom_html panel-first-child panel-last-child\" data-index=\"8\" ><div class=\"widget_text RT2020_SmartBuildingPage panel-widget-style panel-widget-style-for-5427-4-0-0\" ><div class=\"textwidget custom-html-widget\"><div class=\"Titre_RT2020_SmartBuildingPage\">\n\t<b>RE 2020<\/b> regulations in France as <br\/>an application of the European directive\n<\/div>\n\n<div class=\"Desc_RT2020_SmartBuildingPage\">\n\tCompliance with commitments made in the fight against climate change, recently reaffirmed in the <b>Energy Climate Law<\/b>, assumes that France will achieve carbon neutrality in 2050. One of the main levers is to act on emissions from buildings and from the residential sector as well as the service sector, which counts for a quarter of national greenhouse gas emissions\n\t<br \/><br \/>\n\t<b>The Hydrao Alo\u00e9 knobs<\/b> were installed in the Le Roncevaux building, a Grand Lyon Habitat project, labeled E + C-, certification prefiguring RE 2020 regulations.\n<\/div><\/div><\/div><\/div><\/div><\/div><\/div><div id=\"pg-5427-5\"  class=\"panel-grid panel-has-style\" ><div class=\"Hydrao_Et_Smartbuilding panel-row-style panel-row-style-for-5427-5\" ><div id=\"pgc-5427-5-0\"  class=\"panel-grid-cell\" ><div id=\"panel-5427-5-0-0\" class=\"widget_text so-panel widget widget_custom_html panel-first-child\" data-index=\"9\" ><div class=\"textwidget custom-html-widget\"><div class=Titre_Hydrao_Et_Smartbuilding>\n\tOur experience with SmartBuilding\n<\/div><\/div><\/div><div id=\"panel-5427-5-0-1\" class=\"widget_text so-panel widget widget_custom_html panel-last-child\" data-index=\"10\" ><div class=\"widget_text Caroussel_Hydrao_Et_Smartbuilding panel-widget-style panel-widget-style-for-5427-5-0-1\" ><div class=\"textwidget custom-html-widget\"><div class=\"container\">\n<section class=\"carousel\">\n\t<ul class=\"carousel-items\">\n\t\t<li class=\"carousel-item\">\n\t\t\t<div class=\"box\">\n\t\t\t\t\t<div class=\"imgBx\">\n\t\t\t\t\t\t<img alt=\"ABC LinkCity\" src=\"https:\/\/pro.hydrao.com\/wp-content\/uploads\/2020\/02\/ABC-LinkCity-Secteur.png\"\/>\n\t\t\t\t\t<\/div>\n\t\t\t\t\t<div class=\"content\">\n\t\t\t\t\t\t<h3>ABC LinkCity<\/h3>\n\t\t\t\t\t\t<img alt=\"ABC LinkCity\" src=\"https:\/\/pro.hydrao.com\/wp-content\/uploads\/2020\/01\/Bouygues-Construction-Link-City-Habitat.png\"\/>\n\t\t\t\t\t\t<p>\n\t\t\t\t\t\t\tThe 1st French energy-autonomous building. In addition to installing an Alo\u00e9 shower head in each apartment, Hydrao is installing meters in ten apartments, aimed at monitoring and analyzing occupants' consumption.\n\t\t\t\t\t\t<\/p>\n\t\t\t\t\t\t<!--<div class=\"auteur\">\n\t\t\t\t\t\t\tDamien Vanlaer, directeur g\u00e9n\u00e9ral d\u2019hsf\n\t\t\t\t\t\t<\/div>-->\n\t\t\t\t\t\t<div class=\"contact\">\n\t\t\t\t\t\t\t<div class=\"contact_a\">\n\t\t\t\t\t\t\t\t<!--<a href=\"#\">En savoir plus<\/a>-->\n\t\t\t\t\t\t\t<\/div>\n\t\t\t\t\t\t\t<div class=\"contact_button\">\n\t\t\t\t\t\t\t\t<a href=\"https:\/\/pro.hydrao.com\/contactez-nous\/\" target=\"_blank\" rel=\"noopener\">Contact<\/a>\n\t\t\t\t\t\t\t<\/div>\n\t\t\t\t\t\t<\/div>          \n\t\t\t\t\t<\/div>\n\t\t\t\t<\/div>\n\t\t<\/li>\n\t\t<li class=\"carousel-item\">\n\t\t\t<div class=\"box\">\n\t\t\t\t\t<div class=\"imgBx\">\n\t\t\t\t\t\t<img alt=\"HI USA\" src=\"https:\/\/pro.hydrao.com\/wp-content\/uploads\/2020\/02\/HI-USA-Secteur.png\"\/>\n\t\t\t\t\t<\/div>\n\t\t\t\t\t<div class=\"content\">\n\t\t\t\t\t\t<h3>HI USA<\/h3>\n\t\t\t\t\t\t<img alt=\"HI USA\" src=\"https:\/\/pro.hydrao.com\/wp-content\/uploads\/2020\/02\/HI-USA-SmartBuilding.png\"\/>\n\t\t\t\t\t\t<p>\n\t\t\t\t\t\t\tThe 1st building in the world equipped with LoRa shower heads as part of the One Million Galon Challenge. The \u201cSaving as a Service\u201d platform displays a dashboard of the main indicators as well as the detailed consumption of each shower.\n\t\t\t\t\t\t<\/p>\n\t\t\t\t\t\t<div class=\"auteur\">\n\t\t\t\t\t\t<\/div>\n\t\t\t\t\t\t<div class=\"contact\">\n\t\t\t\t\t\t\t<div class=\"contact_a\">\n\t\t\t\t\t\t\t\t<!--<a href=\"#\">En savoir plus<\/a>-->\n\t\t\t\t\t\t\t<\/div>\n\t\t\t\t\t\t\t<div class=\"contact_button\">\n\t\t\t\t\t\t\t\t<a href=\"https:\/\/pro.hydrao.com\/contactez-nous\/\" target=\"_blank\" rel=\"noopener\">Contact<\/a>\n\t\t\t\t\t\t\t<\/div>\n\t\t\t\t\t\t<\/div>          \n\t\t\t\t\t<\/div>\n\t\t\t\t<\/div>\n\t\t<\/li>\n\t\t<li class=\"carousel-item\">\n\t\t\t<div class=\"box\">\n\t\t\t\t<div class=\"imgBx-not-open\">\n\t\t\t\t\t<a href=\"https:\/\/pro.hydrao.com\/contactez-nous\/\" target=\"_blank\" rel=\"noopener\">Contact<img alt=\"Contact\" src=\"https:\/\/pro.hydrao.com\/wp-content\/uploads\/2020\/01\/Logement-Social-Secteur.png\"\/><\/a>\n\t\t\t\t<\/div>\n\t\t\t\t<div class=\"content-not-open\">\n\t\t\t\t\t<h3>Contact us<\/h3>\n\t\t\t\t<\/div>\n\t\t\t<\/div>\n\t\t<\/li>\n\t<\/ul>\n\t<\/section>\n<\/div><\/div><\/div><\/div><\/div><\/div><\/div><\/div>","protected":false},"excerpt":{"rendered":"<p>Hydrao, major player in Smart Building Compliance with the new RE 2020 regulations, simple and educational dashboards for water consumption, awareness on the environmental impact of our behaviors : Hydrao&#8217;s integrated and connected solutions measure and control the use of water in buildings and help operators to reach their energy efficiency goal. Contact Us Water [&hellip;]<\/p>\n","protected":false},"author":7,"featured_media":0,"parent":0,"menu_order":0,"comment_status":"closed","ping_status":"closed","template":"","meta":[],"acf":[],"yoast_head":"<!-- This site is optimized with the Yoast SEO plugin v16.2 - https:\/\/yoast.com\/wordpress\/plugins\/seo\/ -->\n<title>Hydrao acteur du Smart Building - HYDRAO | Professional Solutions<\/title>\n<meta name=\"description\" content=\"Les solutions int\u00e9gr\u00e9es et connect\u00e9es d\u2019Hydrao fournissent les outils pour mesurer et contr\u00f4ler l\u2019usage de l\u2019eau dans les b\u00e2timents\" \/>\n<meta name=\"robots\" content=\"index, follow, max-snippet:-1, max-image-preview:large, max-video-preview:-1\" \/>\n<link rel=\"canonical\" href=\"https:\/\/pro.hydrao.com\/en\/smart-building\/\" \/>\n<meta property=\"og:locale\" content=\"en_US\" \/>\n<meta property=\"og:type\" content=\"article\" \/>\n<meta property=\"og:title\" content=\"Hydrao acteur du Smart Building - HYDRAO | Professional Solutions\" \/>\n<meta property=\"og:description\" content=\"Les solutions int\u00e9gr\u00e9es et connect\u00e9es d\u2019Hydrao fournissent les outils pour mesurer et contr\u00f4ler l\u2019usage de l\u2019eau dans les b\u00e2timents\" \/>\n<meta property=\"og:url\" content=\"https:\/\/pro.hydrao.com\/en\/smart-building\/\" \/>\n<meta property=\"og:site_name\" content=\"HYDRAO | Professional Solutions\" \/>\n<meta property=\"article:publisher\" content=\"https:\/\/www.facebook.com\/Hydrao.smartshower\/\" \/>\n<meta property=\"article:modified_time\" content=\"2020-02-24T15:18:28+00:00\" \/>\n<meta property=\"og:image\" content=\"https:\/\/pro.hydrao.com\/wp-content\/uploads\/2019\/11\/images.png\" \/>\n\t<meta property=\"og:image:width\" content=\"225\" \/>\n\t<meta property=\"og:image:height\" content=\"225\" \/>\n<meta name=\"twitter:card\" content=\"summary_large_image\" \/>\n<meta name=\"twitter:site\" content=\"@Hydrao_\" \/>\n<script type=\"application\/ld+json\" class=\"yoast-schema-graph\">{\"@context\":\"https:\/\/schema.org\",\"@graph\":[{\"@type\":\"Organization\",\"@id\":\"https:\/\/pro.hydrao.com\/#organization\",\"name\":\"HYDRAO\",\"url\":\"https:\/\/pro.hydrao.com\/\",\"sameAs\":[\"https:\/\/www.facebook.com\/Hydrao.smartshower\/\",\"https:\/\/www.linkedin.com\/company-beta\/5353857\/\",\"https:\/\/www.youtube.com\/channel\/UCwQfdEIplJ_LEtTZWcSfjwQ\",\"https:\/\/twitter.com\/Hydrao_\"],\"logo\":{\"@type\":\"ImageObject\",\"@id\":\"https:\/\/pro.hydrao.com\/#logo\",\"inLanguage\":\"en-US\",\"url\":\"https:\/\/pro.hydrao.com\/wp-content\/uploads\/2017\/03\/hydrao-pro-logo-blue.png\",\"contentUrl\":\"https:\/\/pro.hydrao.com\/wp-content\/uploads\/2017\/03\/hydrao-pro-logo-blue.png\",\"width\":255,\"height\":24,\"caption\":\"HYDRAO\"},\"image\":{\"@id\":\"https:\/\/pro.hydrao.com\/#logo\"}},{\"@type\":\"WebSite\",\"@id\":\"https:\/\/pro.hydrao.com\/#website\",\"url\":\"https:\/\/pro.hydrao.com\/\",\"name\":\"HYDRAO | Professional Solutions\",\"description\":\"Smart Solutions for Water Conservation and Management\",\"publisher\":{\"@id\":\"https:\/\/pro.hydrao.com\/#organization\"},\"potentialAction\":[{\"@type\":\"SearchAction\",\"target\":\"https:\/\/pro.hydrao.com\/?s={search_term_string}\",\"query-input\":\"required name=search_term_string\"}],\"inLanguage\":\"en-US\"},{\"@type\":\"WebPage\",\"@id\":\"https:\/\/pro.hydrao.com\/en\/smart-building\/#webpage\",\"url\":\"https:\/\/pro.hydrao.com\/en\/smart-building\/\",\"name\":\"Hydrao acteur du Smart Building - HYDRAO | Professional Solutions\",\"isPartOf\":{\"@id\":\"https:\/\/pro.hydrao.com\/#website\"},\"datePublished\":\"2020-02-17T15:45:10+00:00\",\"dateModified\":\"2020-02-24T15:18:28+00:00\",\"description\":\"Les solutions int\\u00e9gr\\u00e9es et connect\\u00e9es d\\u2019Hydrao fournissent les outils pour mesurer et contr\\u00f4ler l\\u2019usage de l\\u2019eau dans les b\\u00e2timents\",\"breadcrumb\":{\"@id\":\"https:\/\/pro.hydrao.com\/en\/smart-building\/#breadcrumb\"},\"inLanguage\":\"en-US\",\"potentialAction\":[{\"@type\":\"ReadAction\",\"target\":[\"https:\/\/pro.hydrao.com\/en\/smart-building\/\"]}]},{\"@type\":\"BreadcrumbList\",\"@id\":\"https:\/\/pro.hydrao.com\/en\/smart-building\/#breadcrumb\",\"itemListElement\":[{\"@type\":\"ListItem\",\"position\":1,\"item\":{\"@type\":\"WebPage\",\"@id\":\"https:\/\/pro.hydrao.com\/en\/\",\"url\":\"https:\/\/pro.hydrao.com\/en\/\",\"name\":\"Home\"}},{\"@type\":\"ListItem\",\"position\":2,\"item\":{\"@id\":\"https:\/\/pro.hydrao.com\/en\/smart-building\/#webpage\"}}]}]}<\/script>\n<!-- \/ Yoast SEO plugin. -->","_links":{"self":[{"href":"https:\/\/pro.hydrao.com\/en\/wp-json\/wp\/v2\/pages\/5427"}],"collection":[{"href":"https:\/\/pro.hydrao.com\/en\/wp-json\/wp\/v2\/pages"}],"about":[{"href":"https:\/\/pro.hydrao.com\/en\/wp-json\/wp\/v2\/types\/page"}],"author":[{"embeddable":true,"href":"https:\/\/pro.hydrao.com\/en\/wp-json\/wp\/v2\/users\/7"}],"replies":[{"embeddable":true,"href":"https:\/\/pro.hydrao.com\/en\/wp-json\/wp\/v2\/comments?post=5427"}],"version-history":[{"count":9,"href":"https:\/\/pro.hydrao.com\/en\/wp-json\/wp\/v2\/pages\/5427\/revisions"}],"predecessor-version":[{"id":5503,"href":"https:\/\/pro.hydrao.com\/en\/wp-json\/wp\/v2\/pages\/5427\/revisions\/5503"}],"wp:attachment":[{"href":"https:\/\/pro.hydrao.com\/en\/wp-json\/wp\/v2\/media?parent=5427"}],"curies":[{"name":"wp","href":"https:\/\/api.w.org\/{rel}","templated":true}]}}