{"id":6843,"date":"2021-04-07T10:29:36","date_gmt":"2021-04-07T08:29:36","guid":{"rendered":"https:\/\/pro.hydrao.com\/?page_id=6843"},"modified":"2021-06-08T15:31:34","modified_gmt":"2021-06-08T13:31:34","slug":"contact-us","status":"publish","type":"page","link":"https:\/\/pro.hydrao.com\/en\/contact-us\/","title":{"rendered":"Contact us"},"content":{"rendered":"<div id=\"pl-6843\"  class=\"panel-layout\" ><div id=\"pg-6843-0\"  class=\"panel-grid panel-has-style\" ><div class=\"Slider_ContactPage panel-row-style panel-row-style-for-6843-0\" ><div id=\"pgc-6843-0-0\"  class=\"panel-grid-cell\" ><div id=\"panel-6843-0-0-0\" class=\"widget_text so-panel widget widget_custom_html panel-first-child panel-last-child\" data-index=\"0\" ><div class=\"textwidget custom-html-widget\"><div class=Titre_Slider_ContactPage>\n\t<h1>CONTACT US<\/h1>\n<\/div>\n\n<div class=Desc_Slider_ContactPage>\n\t<h2>\n\t\tKEEP IN TOUCH\n\t<\/h2>\n<\/div><\/div><\/div><\/div><\/div><\/div><div id=\"pg-6843-1\"  class=\"panel-grid panel-has-style\" ><div class=\"body-contact panel-row-style panel-row-style-for-6843-1\" ><div id=\"pgc-6843-1-0\"  class=\"panel-grid-cell\" ><div id=\"panel-6843-1-0-0\" class=\"widget_text so-panel widget widget_custom_html panel-first-child panel-last-child\" data-index=\"1\" ><div class=\"widget_text formulaire-contact panel-widget-style panel-widget-style-for-6843-1-0-0\" ><div class=\"textwidget custom-html-widget\"><iframe height=\"960px\" width=\"100%\" frameborder=\"0\" allowTransparency=\"true\" scrolling=\"auto\" src=\"https:\/\/zfrmz.com\/93tKqolbiEdelXoIgiRl\"> <\/iframe><\/div><\/div><\/div><\/div><div id=\"pgc-6843-1-1\"  class=\"panel-grid-cell\" ><div id=\"panel-6843-1-1-0\" class=\"widget_text so-panel widget widget_custom_html panel-first-child panel-last-child\" data-index=\"2\" ><div class=\"widget_text info-contact panel-widget-style panel-widget-style-for-6843-1-1-0\" ><div class=\"textwidget custom-html-widget\"><div class=\"Listing_Keypoint_ContactPage\">\n\t<img alt=\"Des produits hydro-\u00e9conomes\" src=\"\/wp-content\/uploads\/2021\/04\/GPS-Contact.png\"\/>\n\t<div>\n\t\t<div class=Title_Keypoint_ContactPage>\n\t\t\tHYDRAO\n\t\t<\/div>\n\t\t<div class=Desc_Keypoint_ContactPage>\n\t\t\tCentre C\u00e9moi, b\u00e2timent A201\n\t\t\t<br>\n\t\t\t12, rue Amp\u00e8re\n\t\t\t<br>\n\t\t\t38000 GRENOBLE\n\t\t<\/div>\n\t<\/div>\n<\/div>\n\n<div class=\"Listing_Keypoint_ContactPage\">\n\t<img alt=\"Des produits hydro-\u00e9conomes\" src=\"\/wp-content\/uploads\/2021\/04\/Mail-Contact.png\"\/>\n\t<div>\n\t\t<div class=Title_Keypoint_ContactPage>\n\t\t\tMAIL\n\t\t<\/div>\n\t\t<div class=Desc_Keypoint_ContactPage>\n\t\t\tcontact.pro@hydrao.com\n\t\t<\/div>\n\t<\/div>\n<\/div>\n\n<div class=\"Listing_Keypoint_ContactPage\">\n\t<img alt=\"Des produits hydro-\u00e9conomes\" src=\"\/wp-content\/uploads\/2021\/04\/Web-Contact.png\"\/>\n\t<div>\n\t\t<div class=Title_Keypoint_ContactPage>\n\t\t\tBLOG\n\t\t<\/div>\n\t\t<div class=Desc_Keypoint_ContactPage>\n\t\t\t<a href=\"https:\/\/pro.hydrao.com\/blog\/\" target=\"_blank\" rel=\"noopener\">\n\t\t\t\tpro.hydrao.com\/blog\n\t\t\t<\/a>\n\t\t<\/div>\n\t<\/div>\n<\/div>\n\n<div class=\"RS_ContactPage\">\n\t<a href=\"https:\/\/www.linkedin.com\/company\/hydrao\" target=\"_blank\" rel=\"noopener\">\n\t\t<img alt=\"Linkedin\" src=\"\/wp-content\/uploads\/2021\/04\/Linkedi-Contact.png\"\/>\n\t<\/a>\n\t<a href=\"https:\/\/twitter.com\/Hydrao_\" target=\"_blank\" rel=\"noopener\">\n\t\t<img alt=\"Twitter\" src=\"\/wp-content\/uploads\/2021\/04\/Twitter-Contact.png\"\/>\n\t<\/a>\n\t<a href=\"https:\/\/www.facebook.com\/Hydrao.smartshower\/\" target=\"_blank\" rel=\"noopener\">\n\t\t<img alt=\"Facebook\" src=\"\/wp-content\/uploads\/2021\/04\/Facebook-Contact.png\"\/>\n\t<\/a>\n<\/div>\n\n<\/div><\/div><\/div><\/div><\/div><\/div><div id=\"pg-6843-2\"  class=\"panel-grid panel-has-style\" ><div class=\"map-contact panel-row-style panel-row-style-for-6843-2\" ><div id=\"pgc-6843-2-0\"  class=\"panel-grid-cell\" ><div id=\"panel-6843-2-0-0\" class=\"widget_text so-panel widget widget_custom_html panel-first-child panel-last-child\" data-index=\"3\" ><div class=\"textwidget custom-html-widget\"><iframe src=\"https:\/\/www.google.com\/maps\/embed?pb=!1m18!1m12!1m3!1d2812.096461385942!2d5.703374015941511!3d45.18514356004047!2m3!1f0!2f0!3f0!3m2!1i1024!2i768!4f13.1!3m3!1m2!1s0x478af363528837a3%3A0xafd388ff9389c54c!2s12%20Rue%20Amp%C3%A8re%2C%2038000%20Grenoble!5e0!3m2!1sfr!2sfr!4v1616515032199!5m2!1sfr!2sfr\" width=\"100%\" height=\"450\" style=\"border:0;\" allowfullscreen=\"\" loading=\"lazy\"><\/iframe><\/div><\/div><\/div><\/div><\/div><\/div>","protected":false},"excerpt":{"rendered":"<p>CONTACT US KEEP IN TOUCH HYDRAO Centre C\u00e9moi, b\u00e2timent A201 12, rue Amp\u00e8re 38000 GRENOBLE MAIL contact.pro@hydrao.com BLOG pro.hydrao.com\/blog<\/p>\n","protected":false},"author":7,"featured_media":0,"parent":0,"menu_order":0,"comment_status":"closed","ping_status":"closed","template":"","meta":[],"acf":[],"yoast_head":"<!-- This site is optimized with the Yoast SEO plugin v16.2 - https:\/\/yoast.com\/wordpress\/plugins\/seo\/ -->\n<title>Contact us to find out more about our smart solutions.<\/title>\n<meta name=\"description\" content=\"For information, help on our products, a quote, you can contact us by email by filling in the form below or by using the contact address.\" \/>\n<meta name=\"robots\" content=\"index, follow, max-snippet:-1, max-image-preview:large, max-video-preview:-1\" \/>\n<link rel=\"canonical\" href=\"https:\/\/pro.hydrao.com\/en\/contact-us\/\" \/>\n<meta property=\"og:locale\" content=\"en_US\" \/>\n<meta property=\"og:type\" content=\"article\" \/>\n<meta property=\"og:title\" content=\"Contact us to find out more about our smart solutions.\" \/>\n<meta property=\"og:description\" content=\"For information, help on our products, a quote, you can contact us by email by filling in the form below or by using the contact address.\" \/>\n<meta property=\"og:url\" content=\"https:\/\/pro.hydrao.com\/en\/contact-us\/\" \/>\n<meta property=\"og:site_name\" content=\"HYDRAO | Professional Solutions\" \/>\n<meta property=\"article:publisher\" content=\"https:\/\/www.facebook.com\/Hydrao.smartshower\/\" \/>\n<meta property=\"article:modified_time\" content=\"2021-06-08T13:31:34+00:00\" \/>\n<meta property=\"og:image\" content=\"https:\/\/pro.hydrao.com\/wp-content\/uploads\/2019\/11\/images.png\" \/>\n\t<meta property=\"og:image:width\" content=\"225\" \/>\n\t<meta property=\"og:image:height\" content=\"225\" \/>\n<meta name=\"twitter:card\" content=\"summary_large_image\" \/>\n<meta name=\"twitter:site\" content=\"@Hydrao_\" \/>\n<script type=\"application\/ld+json\" class=\"yoast-schema-graph\">{\"@context\":\"https:\/\/schema.org\",\"@graph\":[{\"@type\":\"Organization\",\"@id\":\"https:\/\/pro.hydrao.com\/#organization\",\"name\":\"HYDRAO\",\"url\":\"https:\/\/pro.hydrao.com\/\",\"sameAs\":[\"https:\/\/www.facebook.com\/Hydrao.smartshower\/\",\"https:\/\/www.linkedin.com\/company-beta\/5353857\/\",\"https:\/\/www.youtube.com\/channel\/UCwQfdEIplJ_LEtTZWcSfjwQ\",\"https:\/\/twitter.com\/Hydrao_\"],\"logo\":{\"@type\":\"ImageObject\",\"@id\":\"https:\/\/pro.hydrao.com\/#logo\",\"inLanguage\":\"en-US\",\"url\":\"https:\/\/pro.hydrao.com\/wp-content\/uploads\/2017\/03\/hydrao-pro-logo-blue.png\",\"contentUrl\":\"https:\/\/pro.hydrao.com\/wp-content\/uploads\/2017\/03\/hydrao-pro-logo-blue.png\",\"width\":255,\"height\":24,\"caption\":\"HYDRAO\"},\"image\":{\"@id\":\"https:\/\/pro.hydrao.com\/#logo\"}},{\"@type\":\"WebSite\",\"@id\":\"https:\/\/pro.hydrao.com\/#website\",\"url\":\"https:\/\/pro.hydrao.com\/\",\"name\":\"HYDRAO | Professional Solutions\",\"description\":\"Smart Solutions for Water Conservation and Management\",\"publisher\":{\"@id\":\"https:\/\/pro.hydrao.com\/#organization\"},\"potentialAction\":[{\"@type\":\"SearchAction\",\"target\":\"https:\/\/pro.hydrao.com\/?s={search_term_string}\",\"query-input\":\"required name=search_term_string\"}],\"inLanguage\":\"en-US\"},{\"@type\":\"WebPage\",\"@id\":\"https:\/\/pro.hydrao.com\/en\/contact-us\/#webpage\",\"url\":\"https:\/\/pro.hydrao.com\/en\/contact-us\/\",\"name\":\"Contact us to find out more about our smart solutions.\",\"isPartOf\":{\"@id\":\"https:\/\/pro.hydrao.com\/#website\"},\"datePublished\":\"2021-04-07T08:29:36+00:00\",\"dateModified\":\"2021-06-08T13:31:34+00:00\",\"description\":\"For information, help on our products, a quote, you can contact us by email by filling in the form below or by using the contact address.\",\"breadcrumb\":{\"@id\":\"https:\/\/pro.hydrao.com\/en\/contact-us\/#breadcrumb\"},\"inLanguage\":\"en-US\",\"potentialAction\":[{\"@type\":\"ReadAction\",\"target\":[\"https:\/\/pro.hydrao.com\/en\/contact-us\/\"]}]},{\"@type\":\"BreadcrumbList\",\"@id\":\"https:\/\/pro.hydrao.com\/en\/contact-us\/#breadcrumb\",\"itemListElement\":[{\"@type\":\"ListItem\",\"position\":1,\"item\":{\"@type\":\"WebPage\",\"@id\":\"https:\/\/pro.hydrao.com\/en\/\",\"url\":\"https:\/\/pro.hydrao.com\/en\/\",\"name\":\"Home\"}},{\"@type\":\"ListItem\",\"position\":2,\"item\":{\"@id\":\"https:\/\/pro.hydrao.com\/en\/contact-us\/#webpage\"}}]}]}<\/script>\n<!-- \/ Yoast SEO plugin. -->","_links":{"self":[{"href":"https:\/\/pro.hydrao.com\/en\/wp-json\/wp\/v2\/pages\/6843"}],"collection":[{"href":"https:\/\/pro.hydrao.com\/en\/wp-json\/wp\/v2\/pages"}],"about":[{"href":"https:\/\/pro.hydrao.com\/en\/wp-json\/wp\/v2\/types\/page"}],"author":[{"embeddable":true,"href":"https:\/\/pro.hydrao.com\/en\/wp-json\/wp\/v2\/users\/7"}],"replies":[{"embeddable":true,"href":"https:\/\/pro.hydrao.com\/en\/wp-json\/wp\/v2\/comments?post=6843"}],"version-history":[{"count":11,"href":"https:\/\/pro.hydrao.com\/en\/wp-json\/wp\/v2\/pages\/6843\/revisions"}],"predecessor-version":[{"id":8540,"href":"https:\/\/pro.hydrao.com\/en\/wp-json\/wp\/v2\/pages\/6843\/revisions\/8540"}],"wp:attachment":[{"href":"https:\/\/pro.hydrao.com\/en\/wp-json\/wp\/v2\/media?parent=6843"}],"curies":[{"name":"wp","href":"https:\/\/api.w.org\/{rel}","templated":true}]}}