{"id":12786,"date":"2023-05-05T08:46:53","date_gmt":"2023-05-05T06:46:53","guid":{"rendered":"https:\/\/pro.hydrao.com\/?post_type=product&#038;p=12786"},"modified":"2024-05-15T15:36:05","modified_gmt":"2024-05-15T13:36:05","slug":"pommeau-de-douche-chrome","status":"publish","type":"product","link":"https:\/\/pro.hydrao.com\/en\/produit\/pommeau-de-douche-chrome\/","title":{"rendered":"Pommeau de douche Chrome Alo\u00e9"},"content":{"rendered":"<p>Facile d\u2019installation ce pommeau de douche est compatible avec tous types de support gr\u00e2ce \u00e0 son embout universel (m\u00e2le \u00bd\u201d).<br \/>\nCe pommeau poss\u00e8de une technologie Multi-jet \u00e0 3 positions (pluie, massage et mixte).<br \/>\nUn limiteur de d\u00e9bit est fourni, mais son installation est optionnelle.<br \/>\nLe d\u00e9bit maximum de ce pommeau est de 6,6L \/ min avec limiteur install\u00e9 soit une \u00e9conomie de 45% par rapport \u00e0 un pommeau standard (12L \/ Min).<br \/>\nPour optimiser vos \u00e9conomies d&#8217;eau, pensez \u00e0 communiquer avec vos utilisateurs en utilisant nos <a href=\"https:\/\/pro.hydrao.com\/produit\/sticker-de-douche\/\" rel=\"noopener\" target=\"_blank\">autocollants<\/a>\/<a href=\"https:\/\/pro.hydrao.com\/produit\/cravate-de-douche\/\" rel=\"noopener\" target=\"_blank\">cravates<\/a>.<\/p>\n","protected":false},"excerpt":{"rendered":"<ul>\n<li>Facile d\u2019installation ce pommeau de douche est compatible avec tous types de support gr\u00e2ce \u00e0 son embout universel (m\u00e2le \u00bd\u201d).<\/li>\n<li>Ce pommeau poss\u00e8de une technologie Multi-jet \u00e0 3 positions (pluie, massage et mixte).<\/li>\n<li>Un limiteur de d\u00e9bit est fourni, mais son installation est optionnelle.<\/li>\n<li>Le d\u00e9bit maximum de ce pommeau est de 6,6L \/ min avec limiteur install\u00e9 soit une \u00e9conomie de 45% par rapport \u00e0 un pommeau standard (12L \/ Min).<\/li>\n<li>Pour optimiser vos \u00e9conomies d&#8217;eau, pensez \u00e0 communiquer avec vos utilisateurs en utilisant nos <a href=\"https:\/\/pro.hydrao.com\/produit\/sticker-de-douche\/\" rel=\"noopener\" target=\"_blank\">autocollants<\/a>\/<a href=\"https:\/\/pro.hydrao.com\/produit\/cravate-de-douche\/\" rel=\"noopener\" target=\"_blank\">cravates<\/a>.<\/li>\n<\/ul>\n","protected":false},"featured_media":12788,"template":"","meta":[],"product_cat":[84,80],"product_tag":[],"yoast_head":"<!-- This site is optimized with the Yoast SEO plugin v16.2 - https:\/\/yoast.com\/wordpress\/plugins\/seo\/ -->\n<title>Pommeau de douche Chrome Alo\u00e9 - HYDRAO | Professional Solutions<\/title>\n<meta name=\"robots\" content=\"noindex, nofollow\" \/>\n<meta property=\"og:locale\" content=\"en_US\" \/>\n<meta property=\"og:type\" content=\"article\" \/>\n<meta property=\"og:title\" content=\"Pommeau de douche Chrome Alo\u00e9 - HYDRAO | Professional Solutions\" \/>\n<meta property=\"og:description\" content=\"Facile d\u2019installation ce pommeau de douche est compatible avec tous types de support gr\u00e2ce \u00e0 son embout universel (m\u00e2le \u00bd\u201d).  Ce pommeau poss\u00e8de une technologie Multi-jet \u00e0 3 positions (pluie, massage et mixte).  Un limiteur de d\u00e9bit est fourni, mais son installation est optionnelle.  Le d\u00e9bit maximum de ce pommeau est de 6,6L \/ min avec limiteur install\u00e9 soit une \u00e9conomie de 45% par rapport \u00e0 un pommeau standard (12L \/ Min). Pour optimiser vos \u00e9conomies d&#039;eau, pensez \u00e0 communiquer avec vos utilisateurs en utilisant nos autocollants\/cravates.\" \/>\n<meta property=\"og:url\" content=\"https:\/\/pro.hydrao.com\/produit\/pommeau-de-douche-chrome\/\" \/>\n<meta property=\"og:site_name\" content=\"HYDRAO | Professional Solutions\" \/>\n<meta property=\"article:publisher\" content=\"https:\/\/www.facebook.com\/Hydrao.smartshower\/\" \/>\n<meta property=\"article:modified_time\" content=\"2024-05-15T13:36:05+00:00\" \/>\n<meta property=\"og:image\" content=\"https:\/\/pro.hydrao.com\/wp-content\/uploads\/2023\/05\/Pommeau-Aloe-Chrome-min.png\" \/>\n\t<meta property=\"og:image:width\" content=\"800\" \/>\n\t<meta property=\"og:image:height\" content=\"800\" \/>\n<meta name=\"twitter:card\" content=\"summary_large_image\" \/>\n<meta name=\"twitter:site\" content=\"@Hydrao_\" \/>\n<meta name=\"twitter:label1\" content=\"Est. reading time\">\n\t<meta name=\"twitter:data1\" content=\"1 minute\">\n<script type=\"application\/ld+json\" class=\"yoast-schema-graph\">{\"@context\":\"https:\/\/schema.org\",\"@graph\":[{\"@type\":\"Organization\",\"@id\":\"https:\/\/pro.hydrao.com\/#organization\",\"name\":\"HYDRAO\",\"url\":\"https:\/\/pro.hydrao.com\/\",\"sameAs\":[\"https:\/\/www.facebook.com\/Hydrao.smartshower\/\",\"https:\/\/www.linkedin.com\/company-beta\/5353857\/\",\"https:\/\/www.youtube.com\/channel\/UCwQfdEIplJ_LEtTZWcSfjwQ\",\"https:\/\/twitter.com\/Hydrao_\"],\"logo\":{\"@type\":\"ImageObject\",\"@id\":\"https:\/\/pro.hydrao.com\/#logo\",\"inLanguage\":\"en-US\",\"url\":\"https:\/\/pro.hydrao.com\/wp-content\/uploads\/2017\/03\/hydrao-pro-logo-blue.png\",\"contentUrl\":\"https:\/\/pro.hydrao.com\/wp-content\/uploads\/2017\/03\/hydrao-pro-logo-blue.png\",\"width\":255,\"height\":24,\"caption\":\"HYDRAO\"},\"image\":{\"@id\":\"https:\/\/pro.hydrao.com\/#logo\"}},{\"@type\":\"WebSite\",\"@id\":\"https:\/\/pro.hydrao.com\/#website\",\"url\":\"https:\/\/pro.hydrao.com\/\",\"name\":\"HYDRAO | Professional Solutions\",\"description\":\"Smart Solutions for Water Conservation and Management\",\"publisher\":{\"@id\":\"https:\/\/pro.hydrao.com\/#organization\"},\"potentialAction\":[{\"@type\":\"SearchAction\",\"target\":\"https:\/\/pro.hydrao.com\/?s={search_term_string}\",\"query-input\":\"required name=search_term_string\"}],\"inLanguage\":\"en-US\"},{\"@type\":\"ImageObject\",\"@id\":\"https:\/\/pro.hydrao.com\/produit\/pommeau-de-douche-chrome\/#primaryimage\",\"inLanguage\":\"en-US\",\"url\":\"https:\/\/pro.hydrao.com\/wp-content\/uploads\/2023\/05\/Pommeau-Aloe-Chrome-min.png\",\"contentUrl\":\"https:\/\/pro.hydrao.com\/wp-content\/uploads\/2023\/05\/Pommeau-Aloe-Chrome-min.png\",\"width\":800,\"height\":800},{\"@type\":\"WebPage\",\"@id\":\"https:\/\/pro.hydrao.com\/produit\/pommeau-de-douche-chrome\/#webpage\",\"url\":\"https:\/\/pro.hydrao.com\/produit\/pommeau-de-douche-chrome\/\",\"name\":\"Pommeau de douche Chrome Alo\\u00e9 - HYDRAO | Professional Solutions\",\"isPartOf\":{\"@id\":\"https:\/\/pro.hydrao.com\/#website\"},\"primaryImageOfPage\":{\"@id\":\"https:\/\/pro.hydrao.com\/produit\/pommeau-de-douche-chrome\/#primaryimage\"},\"datePublished\":\"2023-05-05T06:46:53+00:00\",\"dateModified\":\"2024-05-15T13:36:05+00:00\",\"breadcrumb\":{\"@id\":\"https:\/\/pro.hydrao.com\/produit\/pommeau-de-douche-chrome\/#breadcrumb\"},\"inLanguage\":\"en-US\",\"potentialAction\":[{\"@type\":\"ReadAction\",\"target\":[\"https:\/\/pro.hydrao.com\/produit\/pommeau-de-douche-chrome\/\"]}]},{\"@type\":\"BreadcrumbList\",\"@id\":\"https:\/\/pro.hydrao.com\/produit\/pommeau-de-douche-chrome\/#breadcrumb\",\"itemListElement\":[{\"@type\":\"ListItem\",\"position\":1,\"item\":{\"@type\":\"WebPage\",\"@id\":\"https:\/\/pro.hydrao.com\/en\/\",\"url\":\"https:\/\/pro.hydrao.com\/en\/\",\"name\":\"Home\"}},{\"@type\":\"ListItem\",\"position\":2,\"item\":{\"@type\":\"WebPage\",\"@id\":\"https:\/\/pro.hydrao.com\/boutique\/\",\"url\":\"https:\/\/pro.hydrao.com\/boutique\/\",\"name\":\"Boutique\"}},{\"@type\":\"ListItem\",\"position\":3,\"item\":{\"@id\":\"https:\/\/pro.hydrao.com\/produit\/pommeau-de-douche-chrome\/#webpage\"}}]}]}<\/script>\n<!-- \/ Yoast SEO plugin. -->","_links":{"self":[{"href":"https:\/\/pro.hydrao.com\/en\/wp-json\/wp\/v3\/product\/12786"}],"collection":[{"href":"https:\/\/pro.hydrao.com\/en\/wp-json\/wp\/v3\/product"}],"about":[{"href":"https:\/\/pro.hydrao.com\/en\/wp-json\/wp\/v2\/types\/product"}],"wp:featuredmedia":[{"embeddable":true,"href":"https:\/\/pro.hydrao.com\/en\/wp-json\/wp\/v2\/media\/12788"}],"wp:attachment":[{"href":"https:\/\/pro.hydrao.com\/en\/wp-json\/wp\/v2\/media?parent=12786"}],"wp:term":[{"taxonomy":"product_cat","embeddable":true,"href":"https:\/\/pro.hydrao.com\/en\/wp-json\/wp\/v2\/product_cat?post=12786"},{"taxonomy":"product_tag","embeddable":true,"href":"https:\/\/pro.hydrao.com\/en\/wp-json\/wp\/v2\/product_tag?post=12786"}],"curies":[{"name":"wp","href":"https:\/\/api.w.org\/{rel}","templated":true}]}}