{"id":13105,"date":"2023-05-11T08:46:43","date_gmt":"2023-05-11T06:46:43","guid":{"rendered":"https:\/\/pro.hydrao.com\/?post_type=product&#038;p=13105"},"modified":"2024-03-22T10:28:44","modified_gmt":"2024-03-22T09:28:44","slug":"pomme-de-douche-murale-cereus","status":"publish","type":"product","link":"https:\/\/pro.hydrao.com\/en\/produit\/pomme-de-douche-murale-cereus\/","title":{"rendered":"Pomme de douche murale Cereus"},"content":{"rendered":"<p>Ce pommeau poss\u00e8de une technologie Multi-jet \u00e0 3 positions (pluie, massage et mixte).<br \/>\nUn limiteur de d\u00e9bit est install\u00e9.<br \/>\nLe d\u00e9bit maximum de ce pommeau est de 6,6L \/ min avec limiteur install\u00e9 soit une \u00e9conomie de 45% par rapport \u00e0 un pommeau standard (12L \/ Min).<\/p>\n","protected":false},"excerpt":{"rendered":"<ul>\n<li>Ce pommeau poss\u00e8de une technologie Multi-jet \u00e0 3 positions (pluie, massage et mixte).<\/li>\n<li>Un limiteur de d\u00e9bit est install\u00e9.<\/li>\n<li>Le d\u00e9bit maximum de ce pommeau est de 6,6L \/ min avec limiteur install\u00e9 soit une \u00e9conomie de 45% par rapport \u00e0 un pommeau standard (12L \/ Min).<\/li>\n<\/ul>\n","protected":false},"featured_media":13166,"template":"","meta":[],"product_cat":[84,80],"product_tag":[],"yoast_head":"<!-- This site is optimized with the Yoast SEO plugin v16.2 - https:\/\/yoast.com\/wordpress\/plugins\/seo\/ -->\n<title>Pomme de douche murale Cereus - HYDRAO | Professional Solutions<\/title>\n<meta name=\"robots\" content=\"noindex, nofollow\" \/>\n<meta property=\"og:locale\" content=\"en_US\" \/>\n<meta property=\"og:type\" content=\"article\" \/>\n<meta property=\"og:title\" content=\"Pomme de douche murale Cereus - HYDRAO | Professional Solutions\" \/>\n<meta property=\"og:description\" content=\"Ce pommeau poss\u00e8de une technologie Multi-jet \u00e0 3 positions (pluie, massage et mixte).  Un limiteur de d\u00e9bit est install\u00e9.  Le d\u00e9bit maximum de ce pommeau est de 6,6L \/ min avec limiteur install\u00e9 soit une \u00e9conomie de 45% par rapport \u00e0 un pommeau standard (12L \/ Min).\" \/>\n<meta property=\"og:url\" content=\"https:\/\/pro.hydrao.com\/produit\/pomme-de-douche-murale-cereus\/\" \/>\n<meta property=\"og:site_name\" content=\"HYDRAO | Professional Solutions\" \/>\n<meta property=\"article:publisher\" content=\"https:\/\/www.facebook.com\/Hydrao.smartshower\/\" \/>\n<meta property=\"article:modified_time\" content=\"2024-03-22T09:28:44+00:00\" \/>\n<meta property=\"og:image\" content=\"https:\/\/pro.hydrao.com\/wp-content\/uploads\/2023\/05\/Pomme-Cereus-min.png\" \/>\n\t<meta property=\"og:image:width\" content=\"800\" \/>\n\t<meta property=\"og:image:height\" content=\"800\" \/>\n<meta name=\"twitter:card\" content=\"summary_large_image\" \/>\n<meta name=\"twitter:site\" content=\"@Hydrao_\" \/>\n<meta name=\"twitter:label1\" content=\"Est. reading time\">\n\t<meta name=\"twitter:data1\" content=\"1 minute\">\n<script type=\"application\/ld+json\" class=\"yoast-schema-graph\">{\"@context\":\"https:\/\/schema.org\",\"@graph\":[{\"@type\":\"Organization\",\"@id\":\"https:\/\/pro.hydrao.com\/#organization\",\"name\":\"HYDRAO\",\"url\":\"https:\/\/pro.hydrao.com\/\",\"sameAs\":[\"https:\/\/www.facebook.com\/Hydrao.smartshower\/\",\"https:\/\/www.linkedin.com\/company-beta\/5353857\/\",\"https:\/\/www.youtube.com\/channel\/UCwQfdEIplJ_LEtTZWcSfjwQ\",\"https:\/\/twitter.com\/Hydrao_\"],\"logo\":{\"@type\":\"ImageObject\",\"@id\":\"https:\/\/pro.hydrao.com\/#logo\",\"inLanguage\":\"en-US\",\"url\":\"https:\/\/pro.hydrao.com\/wp-content\/uploads\/2017\/03\/hydrao-pro-logo-blue.png\",\"contentUrl\":\"https:\/\/pro.hydrao.com\/wp-content\/uploads\/2017\/03\/hydrao-pro-logo-blue.png\",\"width\":255,\"height\":24,\"caption\":\"HYDRAO\"},\"image\":{\"@id\":\"https:\/\/pro.hydrao.com\/#logo\"}},{\"@type\":\"WebSite\",\"@id\":\"https:\/\/pro.hydrao.com\/#website\",\"url\":\"https:\/\/pro.hydrao.com\/\",\"name\":\"HYDRAO | Professional Solutions\",\"description\":\"Smart Solutions for Water Conservation and Management\",\"publisher\":{\"@id\":\"https:\/\/pro.hydrao.com\/#organization\"},\"potentialAction\":[{\"@type\":\"SearchAction\",\"target\":\"https:\/\/pro.hydrao.com\/?s={search_term_string}\",\"query-input\":\"required name=search_term_string\"}],\"inLanguage\":\"en-US\"},{\"@type\":\"ImageObject\",\"@id\":\"https:\/\/pro.hydrao.com\/produit\/pomme-de-douche-murale-cereus\/#primaryimage\",\"inLanguage\":\"en-US\",\"url\":\"https:\/\/pro.hydrao.com\/wp-content\/uploads\/2023\/05\/Pomme-Cereus-min.png\",\"contentUrl\":\"https:\/\/pro.hydrao.com\/wp-content\/uploads\/2023\/05\/Pomme-Cereus-min.png\",\"width\":800,\"height\":800},{\"@type\":\"WebPage\",\"@id\":\"https:\/\/pro.hydrao.com\/produit\/pomme-de-douche-murale-cereus\/#webpage\",\"url\":\"https:\/\/pro.hydrao.com\/produit\/pomme-de-douche-murale-cereus\/\",\"name\":\"Pomme de douche murale Cereus - HYDRAO | Professional Solutions\",\"isPartOf\":{\"@id\":\"https:\/\/pro.hydrao.com\/#website\"},\"primaryImageOfPage\":{\"@id\":\"https:\/\/pro.hydrao.com\/produit\/pomme-de-douche-murale-cereus\/#primaryimage\"},\"datePublished\":\"2023-05-11T06:46:43+00:00\",\"dateModified\":\"2024-03-22T09:28:44+00:00\",\"breadcrumb\":{\"@id\":\"https:\/\/pro.hydrao.com\/produit\/pomme-de-douche-murale-cereus\/#breadcrumb\"},\"inLanguage\":\"en-US\",\"potentialAction\":[{\"@type\":\"ReadAction\",\"target\":[\"https:\/\/pro.hydrao.com\/produit\/pomme-de-douche-murale-cereus\/\"]}]},{\"@type\":\"BreadcrumbList\",\"@id\":\"https:\/\/pro.hydrao.com\/produit\/pomme-de-douche-murale-cereus\/#breadcrumb\",\"itemListElement\":[{\"@type\":\"ListItem\",\"position\":1,\"item\":{\"@type\":\"WebPage\",\"@id\":\"https:\/\/pro.hydrao.com\/en\/\",\"url\":\"https:\/\/pro.hydrao.com\/en\/\",\"name\":\"Home\"}},{\"@type\":\"ListItem\",\"position\":2,\"item\":{\"@type\":\"WebPage\",\"@id\":\"https:\/\/pro.hydrao.com\/boutique\/\",\"url\":\"https:\/\/pro.hydrao.com\/boutique\/\",\"name\":\"Boutique\"}},{\"@type\":\"ListItem\",\"position\":3,\"item\":{\"@id\":\"https:\/\/pro.hydrao.com\/produit\/pomme-de-douche-murale-cereus\/#webpage\"}}]}]}<\/script>\n<!-- \/ Yoast SEO plugin. -->","_links":{"self":[{"href":"https:\/\/pro.hydrao.com\/en\/wp-json\/wp\/v3\/product\/13105"}],"collection":[{"href":"https:\/\/pro.hydrao.com\/en\/wp-json\/wp\/v3\/product"}],"about":[{"href":"https:\/\/pro.hydrao.com\/en\/wp-json\/wp\/v2\/types\/product"}],"wp:featuredmedia":[{"embeddable":true,"href":"https:\/\/pro.hydrao.com\/en\/wp-json\/wp\/v2\/media\/13166"}],"wp:attachment":[{"href":"https:\/\/pro.hydrao.com\/en\/wp-json\/wp\/v2\/media?parent=13105"}],"wp:term":[{"taxonomy":"product_cat","embeddable":true,"href":"https:\/\/pro.hydrao.com\/en\/wp-json\/wp\/v2\/product_cat?post=13105"},{"taxonomy":"product_tag","embeddable":true,"href":"https:\/\/pro.hydrao.com\/en\/wp-json\/wp\/v2\/product_tag?post=13105"}],"curies":[{"name":"wp","href":"https:\/\/api.w.org\/{rel}","templated":true}]}}