{"id":13151,"date":"2023-05-11T15:10:40","date_gmt":"2023-05-11T13:10:40","guid":{"rendered":"https:\/\/pro.hydrao.com\/?post_type=product&#038;p=13151"},"modified":"2024-03-22T12:25:35","modified_gmt":"2024-03-22T11:25:35","slug":"sac-economiseur-eau-wc","status":"publish","type":"product","link":"https:\/\/pro.hydrao.com\/en\/produit\/sac-economiseur-eau-wc\/","title":{"rendered":"Sac \u00e9conomiseur d&#8217;eau WC"},"content":{"rendered":"<p>Universel : s&#8217;adapate \u00e0 tous les r\u00e9servoirs<br \/>\nPermet d&#8217;\u00e9conomiser jusqu&#8217;\u00e0 2L par chasse<br \/>\nInstallation facile et rapide gr\u00e2ce au crochet<\/p>\n","protected":false},"excerpt":{"rendered":"<ul>\n<li>Universel : s&#8217;adapate \u00e0 tous les r\u00e9servoirs.<\/li>\n<li>Permet d&#8217;\u00e9conomiser jusqu&#8217;\u00e0 2L par chasse.<\/li>\n<li>Installation facile et rapide gr\u00e2ce au crochet.<\/li>\n<\/ul>\n","protected":false},"featured_media":13153,"template":"","meta":[],"product_cat":[86,80],"product_tag":[],"yoast_head":"<!-- This site is optimized with the Yoast SEO plugin v16.2 - https:\/\/yoast.com\/wordpress\/plugins\/seo\/ -->\n<title>Sac \u00e9conomiseur d&#039;eau WC - HYDRAO | Professional Solutions<\/title>\n<meta name=\"robots\" content=\"noindex, nofollow\" \/>\n<meta property=\"og:locale\" content=\"en_US\" \/>\n<meta property=\"og:type\" content=\"article\" \/>\n<meta property=\"og:title\" content=\"Sac \u00e9conomiseur d&#039;eau WC - HYDRAO | Professional Solutions\" \/>\n<meta property=\"og:description\" content=\"Universel : s&#039;adapate \u00e0 tous les r\u00e9servoirs.  Permet d&#039;\u00e9conomiser jusqu&#039;\u00e0 2L par chasse.  Installation facile et rapide gr\u00e2ce au crochet.\" \/>\n<meta property=\"og:url\" content=\"https:\/\/pro.hydrao.com\/produit\/sac-economiseur-eau-wc\/\" \/>\n<meta property=\"og:site_name\" content=\"HYDRAO | Professional Solutions\" \/>\n<meta property=\"article:publisher\" content=\"https:\/\/www.facebook.com\/Hydrao.smartshower\/\" \/>\n<meta property=\"article:modified_time\" content=\"2024-03-22T11:25:35+00:00\" \/>\n<meta property=\"og:image\" content=\"https:\/\/pro.hydrao.com\/wp-content\/uploads\/2023\/05\/Sac-Economiseur-WC-min.png\" \/>\n\t<meta property=\"og:image:width\" content=\"800\" \/>\n\t<meta property=\"og:image:height\" content=\"800\" \/>\n<meta name=\"twitter:card\" content=\"summary_large_image\" \/>\n<meta name=\"twitter:site\" content=\"@Hydrao_\" \/>\n<meta name=\"twitter:label1\" content=\"Est. reading time\">\n\t<meta name=\"twitter:data1\" content=\"1 minute\">\n<script type=\"application\/ld+json\" class=\"yoast-schema-graph\">{\"@context\":\"https:\/\/schema.org\",\"@graph\":[{\"@type\":\"Organization\",\"@id\":\"https:\/\/pro.hydrao.com\/#organization\",\"name\":\"HYDRAO\",\"url\":\"https:\/\/pro.hydrao.com\/\",\"sameAs\":[\"https:\/\/www.facebook.com\/Hydrao.smartshower\/\",\"https:\/\/www.linkedin.com\/company-beta\/5353857\/\",\"https:\/\/www.youtube.com\/channel\/UCwQfdEIplJ_LEtTZWcSfjwQ\",\"https:\/\/twitter.com\/Hydrao_\"],\"logo\":{\"@type\":\"ImageObject\",\"@id\":\"https:\/\/pro.hydrao.com\/#logo\",\"inLanguage\":\"en-US\",\"url\":\"https:\/\/pro.hydrao.com\/wp-content\/uploads\/2017\/03\/hydrao-pro-logo-blue.png\",\"contentUrl\":\"https:\/\/pro.hydrao.com\/wp-content\/uploads\/2017\/03\/hydrao-pro-logo-blue.png\",\"width\":255,\"height\":24,\"caption\":\"HYDRAO\"},\"image\":{\"@id\":\"https:\/\/pro.hydrao.com\/#logo\"}},{\"@type\":\"WebSite\",\"@id\":\"https:\/\/pro.hydrao.com\/#website\",\"url\":\"https:\/\/pro.hydrao.com\/\",\"name\":\"HYDRAO | Professional Solutions\",\"description\":\"Smart Solutions for Water Conservation and Management\",\"publisher\":{\"@id\":\"https:\/\/pro.hydrao.com\/#organization\"},\"potentialAction\":[{\"@type\":\"SearchAction\",\"target\":\"https:\/\/pro.hydrao.com\/?s={search_term_string}\",\"query-input\":\"required name=search_term_string\"}],\"inLanguage\":\"en-US\"},{\"@type\":\"ImageObject\",\"@id\":\"https:\/\/pro.hydrao.com\/produit\/sac-economiseur-eau-wc\/#primaryimage\",\"inLanguage\":\"en-US\",\"url\":\"https:\/\/pro.hydrao.com\/wp-content\/uploads\/2023\/05\/Sac-Economiseur-WC-min.png\",\"contentUrl\":\"https:\/\/pro.hydrao.com\/wp-content\/uploads\/2023\/05\/Sac-Economiseur-WC-min.png\",\"width\":800,\"height\":800},{\"@type\":\"WebPage\",\"@id\":\"https:\/\/pro.hydrao.com\/produit\/sac-economiseur-eau-wc\/#webpage\",\"url\":\"https:\/\/pro.hydrao.com\/produit\/sac-economiseur-eau-wc\/\",\"name\":\"Sac \\u00e9conomiseur d'eau WC - HYDRAO | Professional Solutions\",\"isPartOf\":{\"@id\":\"https:\/\/pro.hydrao.com\/#website\"},\"primaryImageOfPage\":{\"@id\":\"https:\/\/pro.hydrao.com\/produit\/sac-economiseur-eau-wc\/#primaryimage\"},\"datePublished\":\"2023-05-11T13:10:40+00:00\",\"dateModified\":\"2024-03-22T11:25:35+00:00\",\"breadcrumb\":{\"@id\":\"https:\/\/pro.hydrao.com\/produit\/sac-economiseur-eau-wc\/#breadcrumb\"},\"inLanguage\":\"en-US\",\"potentialAction\":[{\"@type\":\"ReadAction\",\"target\":[\"https:\/\/pro.hydrao.com\/produit\/sac-economiseur-eau-wc\/\"]}]},{\"@type\":\"BreadcrumbList\",\"@id\":\"https:\/\/pro.hydrao.com\/produit\/sac-economiseur-eau-wc\/#breadcrumb\",\"itemListElement\":[{\"@type\":\"ListItem\",\"position\":1,\"item\":{\"@type\":\"WebPage\",\"@id\":\"https:\/\/pro.hydrao.com\/en\/\",\"url\":\"https:\/\/pro.hydrao.com\/en\/\",\"name\":\"Home\"}},{\"@type\":\"ListItem\",\"position\":2,\"item\":{\"@type\":\"WebPage\",\"@id\":\"https:\/\/pro.hydrao.com\/boutique\/\",\"url\":\"https:\/\/pro.hydrao.com\/boutique\/\",\"name\":\"Boutique\"}},{\"@type\":\"ListItem\",\"position\":3,\"item\":{\"@id\":\"https:\/\/pro.hydrao.com\/produit\/sac-economiseur-eau-wc\/#webpage\"}}]}]}<\/script>\n<!-- \/ Yoast SEO plugin. -->","_links":{"self":[{"href":"https:\/\/pro.hydrao.com\/en\/wp-json\/wp\/v3\/product\/13151"}],"collection":[{"href":"https:\/\/pro.hydrao.com\/en\/wp-json\/wp\/v3\/product"}],"about":[{"href":"https:\/\/pro.hydrao.com\/en\/wp-json\/wp\/v2\/types\/product"}],"wp:featuredmedia":[{"embeddable":true,"href":"https:\/\/pro.hydrao.com\/en\/wp-json\/wp\/v2\/media\/13153"}],"wp:attachment":[{"href":"https:\/\/pro.hydrao.com\/en\/wp-json\/wp\/v2\/media?parent=13151"}],"wp:term":[{"taxonomy":"product_cat","embeddable":true,"href":"https:\/\/pro.hydrao.com\/en\/wp-json\/wp\/v2\/product_cat?post=13151"},{"taxonomy":"product_tag","embeddable":true,"href":"https:\/\/pro.hydrao.com\/en\/wp-json\/wp\/v2\/product_tag?post=13151"}],"curies":[{"name":"wp","href":"https:\/\/api.w.org\/{rel}","templated":true}]}}