{"id":13155,"date":"2023-05-11T15:17:46","date_gmt":"2023-05-11T13:17:46","guid":{"rendered":"https:\/\/pro.hydrao.com\/?post_type=product&#038;p=13155"},"modified":"2024-03-22T12:23:27","modified_gmt":"2024-03-22T11:23:27","slug":"mousseurs-regulateurs-de-debit","status":"publish","type":"product","link":"https:\/\/pro.hydrao.com\/en\/produit\/mousseurs-regulateurs-de-debit\/","title":{"rendered":"Mousseurs r\u00e9gulateurs de d\u00e9bit x3"},"content":{"rendered":"<p>Pour r\u00e9duire le d\u00e9bit d\u2019eau des robinets<br \/>\nD\u00e9bit 5L\/min au lieu de 12L !<br \/>\nJet a\u00e9r\u00e9 tout confort<br \/>\nInstallation facile et rapide<\/p>\n","protected":false},"excerpt":{"rendered":"<ul>\n<li>Pour r\u00e9duire le d\u00e9bit d\u2019eau des robinets.<\/li>\n<li>D\u00e9bit 5L\/min au lieu de 12L !<\/li>\n<li>Jet a\u00e9r\u00e9 tout confort.<\/li>\n<li>Installation facile et rapide.<\/li>\n<\/ul>\n","protected":false},"featured_media":13157,"template":"","meta":[],"product_cat":[86,80],"product_tag":[],"yoast_head":"<!-- This site is optimized with the Yoast SEO plugin v16.2 - https:\/\/yoast.com\/wordpress\/plugins\/seo\/ -->\n<title>Mousseurs r\u00e9gulateurs de d\u00e9bit x3 - HYDRAO | Professional Solutions<\/title>\n<meta name=\"robots\" content=\"noindex, nofollow\" \/>\n<meta property=\"og:locale\" content=\"en_US\" \/>\n<meta property=\"og:type\" content=\"article\" \/>\n<meta property=\"og:title\" content=\"Mousseurs r\u00e9gulateurs de d\u00e9bit x3 - HYDRAO | Professional Solutions\" \/>\n<meta property=\"og:description\" content=\"Pour r\u00e9duire le d\u00e9bit d\u2019eau des robinets.  D\u00e9bit 5L\/min au lieu de 12L !  Jet a\u00e9r\u00e9 tout confort. Installation facile et rapide.\" \/>\n<meta property=\"og:url\" content=\"https:\/\/pro.hydrao.com\/produit\/mousseurs-regulateurs-de-debit\/\" \/>\n<meta property=\"og:site_name\" content=\"HYDRAO | Professional Solutions\" \/>\n<meta property=\"article:publisher\" content=\"https:\/\/www.facebook.com\/Hydrao.smartshower\/\" \/>\n<meta property=\"article:modified_time\" content=\"2024-03-22T11:23:27+00:00\" \/>\n<meta property=\"og:image\" content=\"https:\/\/pro.hydrao.com\/wp-content\/uploads\/2023\/05\/Mousseur-Regulateur-min.png\" \/>\n\t<meta property=\"og:image:width\" content=\"800\" \/>\n\t<meta property=\"og:image:height\" content=\"800\" \/>\n<meta name=\"twitter:card\" content=\"summary_large_image\" \/>\n<meta name=\"twitter:site\" content=\"@Hydrao_\" \/>\n<meta name=\"twitter:label1\" content=\"Est. reading time\">\n\t<meta name=\"twitter:data1\" content=\"1 minute\">\n<script type=\"application\/ld+json\" class=\"yoast-schema-graph\">{\"@context\":\"https:\/\/schema.org\",\"@graph\":[{\"@type\":\"Organization\",\"@id\":\"https:\/\/pro.hydrao.com\/#organization\",\"name\":\"HYDRAO\",\"url\":\"https:\/\/pro.hydrao.com\/\",\"sameAs\":[\"https:\/\/www.facebook.com\/Hydrao.smartshower\/\",\"https:\/\/www.linkedin.com\/company-beta\/5353857\/\",\"https:\/\/www.youtube.com\/channel\/UCwQfdEIplJ_LEtTZWcSfjwQ\",\"https:\/\/twitter.com\/Hydrao_\"],\"logo\":{\"@type\":\"ImageObject\",\"@id\":\"https:\/\/pro.hydrao.com\/#logo\",\"inLanguage\":\"en-US\",\"url\":\"https:\/\/pro.hydrao.com\/wp-content\/uploads\/2017\/03\/hydrao-pro-logo-blue.png\",\"contentUrl\":\"https:\/\/pro.hydrao.com\/wp-content\/uploads\/2017\/03\/hydrao-pro-logo-blue.png\",\"width\":255,\"height\":24,\"caption\":\"HYDRAO\"},\"image\":{\"@id\":\"https:\/\/pro.hydrao.com\/#logo\"}},{\"@type\":\"WebSite\",\"@id\":\"https:\/\/pro.hydrao.com\/#website\",\"url\":\"https:\/\/pro.hydrao.com\/\",\"name\":\"HYDRAO | Professional Solutions\",\"description\":\"Smart Solutions for Water Conservation and Management\",\"publisher\":{\"@id\":\"https:\/\/pro.hydrao.com\/#organization\"},\"potentialAction\":[{\"@type\":\"SearchAction\",\"target\":\"https:\/\/pro.hydrao.com\/?s={search_term_string}\",\"query-input\":\"required name=search_term_string\"}],\"inLanguage\":\"en-US\"},{\"@type\":\"ImageObject\",\"@id\":\"https:\/\/pro.hydrao.com\/produit\/mousseurs-regulateurs-de-debit\/#primaryimage\",\"inLanguage\":\"en-US\",\"url\":\"https:\/\/pro.hydrao.com\/wp-content\/uploads\/2023\/05\/Mousseur-Regulateur-min.png\",\"contentUrl\":\"https:\/\/pro.hydrao.com\/wp-content\/uploads\/2023\/05\/Mousseur-Regulateur-min.png\",\"width\":800,\"height\":800},{\"@type\":\"WebPage\",\"@id\":\"https:\/\/pro.hydrao.com\/produit\/mousseurs-regulateurs-de-debit\/#webpage\",\"url\":\"https:\/\/pro.hydrao.com\/produit\/mousseurs-regulateurs-de-debit\/\",\"name\":\"Mousseurs r\\u00e9gulateurs de d\\u00e9bit x3 - HYDRAO | Professional Solutions\",\"isPartOf\":{\"@id\":\"https:\/\/pro.hydrao.com\/#website\"},\"primaryImageOfPage\":{\"@id\":\"https:\/\/pro.hydrao.com\/produit\/mousseurs-regulateurs-de-debit\/#primaryimage\"},\"datePublished\":\"2023-05-11T13:17:46+00:00\",\"dateModified\":\"2024-03-22T11:23:27+00:00\",\"breadcrumb\":{\"@id\":\"https:\/\/pro.hydrao.com\/produit\/mousseurs-regulateurs-de-debit\/#breadcrumb\"},\"inLanguage\":\"en-US\",\"potentialAction\":[{\"@type\":\"ReadAction\",\"target\":[\"https:\/\/pro.hydrao.com\/produit\/mousseurs-regulateurs-de-debit\/\"]}]},{\"@type\":\"BreadcrumbList\",\"@id\":\"https:\/\/pro.hydrao.com\/produit\/mousseurs-regulateurs-de-debit\/#breadcrumb\",\"itemListElement\":[{\"@type\":\"ListItem\",\"position\":1,\"item\":{\"@type\":\"WebPage\",\"@id\":\"https:\/\/pro.hydrao.com\/en\/\",\"url\":\"https:\/\/pro.hydrao.com\/en\/\",\"name\":\"Home\"}},{\"@type\":\"ListItem\",\"position\":2,\"item\":{\"@type\":\"WebPage\",\"@id\":\"https:\/\/pro.hydrao.com\/boutique\/\",\"url\":\"https:\/\/pro.hydrao.com\/boutique\/\",\"name\":\"Boutique\"}},{\"@type\":\"ListItem\",\"position\":3,\"item\":{\"@id\":\"https:\/\/pro.hydrao.com\/produit\/mousseurs-regulateurs-de-debit\/#webpage\"}}]}]}<\/script>\n<!-- \/ Yoast SEO plugin. -->","_links":{"self":[{"href":"https:\/\/pro.hydrao.com\/en\/wp-json\/wp\/v3\/product\/13155"}],"collection":[{"href":"https:\/\/pro.hydrao.com\/en\/wp-json\/wp\/v3\/product"}],"about":[{"href":"https:\/\/pro.hydrao.com\/en\/wp-json\/wp\/v2\/types\/product"}],"wp:featuredmedia":[{"embeddable":true,"href":"https:\/\/pro.hydrao.com\/en\/wp-json\/wp\/v2\/media\/13157"}],"wp:attachment":[{"href":"https:\/\/pro.hydrao.com\/en\/wp-json\/wp\/v2\/media?parent=13155"}],"wp:term":[{"taxonomy":"product_cat","embeddable":true,"href":"https:\/\/pro.hydrao.com\/en\/wp-json\/wp\/v2\/product_cat?post=13155"},{"taxonomy":"product_tag","embeddable":true,"href":"https:\/\/pro.hydrao.com\/en\/wp-json\/wp\/v2\/product_tag?post=13155"}],"curies":[{"name":"wp","href":"https:\/\/api.w.org\/{rel}","templated":true}]}}