{"id":13485,"date":"2023-05-16T10:35:03","date_gmt":"2023-05-16T08:35:03","guid":{"rendered":"https:\/\/pro.hydrao.com\/?post_type=product&#038;p=13485"},"modified":"2024-03-22T12:28:46","modified_gmt":"2024-03-22T11:28:46","slug":"cravate-de-douche","status":"publish","type":"product","link":"https:\/\/pro.hydrao.com\/en\/produit\/cravate-de-douche\/","title":{"rendered":"Cravate de douche"},"content":{"rendered":"<p>Expliquez facilement le concept des paliers de couleurs HYDRAO<br \/>\nEtanche &#038; Ind\u00e9chirable<br \/>\nFond blanc<br \/>\nFran\u00e7ais \/ Anglais<\/p>\n","protected":false},"excerpt":{"rendered":"<p>Avec la cravate \u00e9tanche et ind\u00e9chirable A5 fran\u00e7ais \/ anglais, vous pourrez expliquer facilement \u00e0 vos clients le principe de la p\u00e9dagogie Hydrao.<\/p>\n<p>Cette cravate indique la correspondance litrage couleur.<\/p>\n<p>Texte :<\/p>\n<p>&#8220;Il existe un pommeau qui change de couleur en fonction du volume d&#8217;eau utilis\u00e9 : Hydrao Alo\u00e9&#8221; \/ &#8220;Chaque goutte compte, \u00e9conomisons l&#8217;eau ! Pr\u00eats pour le d\u00e9fi ?&#8221; \/ &#8220;Nous soutenons les innovations fran\u00e7aises qui pr\u00e9servent la plan\u00e8te&#8221; <\/p>\n<p>La cravate de douche Hydrao r\u00e9siste \u00e0 l&#8217;eau et a \u00e9t\u00e9 con\u00e7ue pour \u00eatre ind\u00e9chirable. <\/p>\n","protected":false},"featured_media":13486,"template":"","meta":[],"product_cat":[86,80],"product_tag":[],"yoast_head":"<!-- This site is optimized with the Yoast SEO plugin v16.2 - https:\/\/yoast.com\/wordpress\/plugins\/seo\/ -->\n<title>Cravate de douche - HYDRAO | Professional Solutions<\/title>\n<meta name=\"robots\" content=\"noindex, nofollow\" \/>\n<meta property=\"og:locale\" content=\"en_US\" \/>\n<meta property=\"og:type\" content=\"article\" \/>\n<meta property=\"og:title\" content=\"Cravate de douche - HYDRAO | Professional Solutions\" \/>\n<meta property=\"og:description\" content=\"Avec la cravate \u00e9tanche et ind\u00e9chirable A5 fran\u00e7ais \/ anglais, vous pourrez expliquer facilement \u00e0 vos clients le principe de la p\u00e9dagogie Hydrao.  Cette cravate indique la correspondance litrage couleur.  Texte :  &quot;Il existe un pommeau qui change de couleur en fonction du volume d&#039;eau utilis\u00e9 : Hydrao Alo\u00e9&quot; \/ &quot;Chaque goutte compte, \u00e9conomisons l&#039;eau ! Pr\u00eats pour le d\u00e9fi ?&quot; \/ &quot;Nous soutenons les innovations fran\u00e7aises qui pr\u00e9servent la plan\u00e8te&quot;   La cravate de douche Hydrao r\u00e9siste \u00e0 l&#039;eau et a \u00e9t\u00e9 con\u00e7ue pour \u00eatre ind\u00e9chirable.\" \/>\n<meta property=\"og:url\" content=\"https:\/\/pro.hydrao.com\/produit\/cravate-de-douche\/\" \/>\n<meta property=\"og:site_name\" content=\"HYDRAO | Professional Solutions\" \/>\n<meta property=\"article:publisher\" content=\"https:\/\/www.facebook.com\/Hydrao.smartshower\/\" \/>\n<meta property=\"article:modified_time\" content=\"2024-03-22T11:28:46+00:00\" \/>\n<meta property=\"og:image\" content=\"https:\/\/pro.hydrao.com\/wp-content\/uploads\/2023\/05\/Cravatte-De-Douche-min.png\" \/>\n\t<meta property=\"og:image:width\" content=\"800\" \/>\n\t<meta property=\"og:image:height\" content=\"800\" \/>\n<meta name=\"twitter:card\" content=\"summary_large_image\" \/>\n<meta name=\"twitter:site\" content=\"@Hydrao_\" \/>\n<meta name=\"twitter:label1\" content=\"Est. reading time\">\n\t<meta name=\"twitter:data1\" content=\"1 minute\">\n<script type=\"application\/ld+json\" class=\"yoast-schema-graph\">{\"@context\":\"https:\/\/schema.org\",\"@graph\":[{\"@type\":\"Organization\",\"@id\":\"https:\/\/pro.hydrao.com\/#organization\",\"name\":\"HYDRAO\",\"url\":\"https:\/\/pro.hydrao.com\/\",\"sameAs\":[\"https:\/\/www.facebook.com\/Hydrao.smartshower\/\",\"https:\/\/www.linkedin.com\/company-beta\/5353857\/\",\"https:\/\/www.youtube.com\/channel\/UCwQfdEIplJ_LEtTZWcSfjwQ\",\"https:\/\/twitter.com\/Hydrao_\"],\"logo\":{\"@type\":\"ImageObject\",\"@id\":\"https:\/\/pro.hydrao.com\/#logo\",\"inLanguage\":\"en-US\",\"url\":\"https:\/\/pro.hydrao.com\/wp-content\/uploads\/2017\/03\/hydrao-pro-logo-blue.png\",\"contentUrl\":\"https:\/\/pro.hydrao.com\/wp-content\/uploads\/2017\/03\/hydrao-pro-logo-blue.png\",\"width\":255,\"height\":24,\"caption\":\"HYDRAO\"},\"image\":{\"@id\":\"https:\/\/pro.hydrao.com\/#logo\"}},{\"@type\":\"WebSite\",\"@id\":\"https:\/\/pro.hydrao.com\/#website\",\"url\":\"https:\/\/pro.hydrao.com\/\",\"name\":\"HYDRAO | Professional Solutions\",\"description\":\"Smart Solutions for Water Conservation and Management\",\"publisher\":{\"@id\":\"https:\/\/pro.hydrao.com\/#organization\"},\"potentialAction\":[{\"@type\":\"SearchAction\",\"target\":\"https:\/\/pro.hydrao.com\/?s={search_term_string}\",\"query-input\":\"required name=search_term_string\"}],\"inLanguage\":\"en-US\"},{\"@type\":\"ImageObject\",\"@id\":\"https:\/\/pro.hydrao.com\/produit\/cravate-de-douche\/#primaryimage\",\"inLanguage\":\"en-US\",\"url\":\"https:\/\/pro.hydrao.com\/wp-content\/uploads\/2023\/05\/Cravatte-De-Douche-min.png\",\"contentUrl\":\"https:\/\/pro.hydrao.com\/wp-content\/uploads\/2023\/05\/Cravatte-De-Douche-min.png\",\"width\":800,\"height\":800},{\"@type\":\"WebPage\",\"@id\":\"https:\/\/pro.hydrao.com\/produit\/cravate-de-douche\/#webpage\",\"url\":\"https:\/\/pro.hydrao.com\/produit\/cravate-de-douche\/\",\"name\":\"Cravate de douche - HYDRAO | Professional Solutions\",\"isPartOf\":{\"@id\":\"https:\/\/pro.hydrao.com\/#website\"},\"primaryImageOfPage\":{\"@id\":\"https:\/\/pro.hydrao.com\/produit\/cravate-de-douche\/#primaryimage\"},\"datePublished\":\"2023-05-16T08:35:03+00:00\",\"dateModified\":\"2024-03-22T11:28:46+00:00\",\"breadcrumb\":{\"@id\":\"https:\/\/pro.hydrao.com\/produit\/cravate-de-douche\/#breadcrumb\"},\"inLanguage\":\"en-US\",\"potentialAction\":[{\"@type\":\"ReadAction\",\"target\":[\"https:\/\/pro.hydrao.com\/produit\/cravate-de-douche\/\"]}]},{\"@type\":\"BreadcrumbList\",\"@id\":\"https:\/\/pro.hydrao.com\/produit\/cravate-de-douche\/#breadcrumb\",\"itemListElement\":[{\"@type\":\"ListItem\",\"position\":1,\"item\":{\"@type\":\"WebPage\",\"@id\":\"https:\/\/pro.hydrao.com\/en\/\",\"url\":\"https:\/\/pro.hydrao.com\/en\/\",\"name\":\"Home\"}},{\"@type\":\"ListItem\",\"position\":2,\"item\":{\"@type\":\"WebPage\",\"@id\":\"https:\/\/pro.hydrao.com\/boutique\/\",\"url\":\"https:\/\/pro.hydrao.com\/boutique\/\",\"name\":\"Boutique\"}},{\"@type\":\"ListItem\",\"position\":3,\"item\":{\"@id\":\"https:\/\/pro.hydrao.com\/produit\/cravate-de-douche\/#webpage\"}}]}]}<\/script>\n<!-- \/ Yoast SEO plugin. -->","_links":{"self":[{"href":"https:\/\/pro.hydrao.com\/en\/wp-json\/wp\/v3\/product\/13485"}],"collection":[{"href":"https:\/\/pro.hydrao.com\/en\/wp-json\/wp\/v3\/product"}],"about":[{"href":"https:\/\/pro.hydrao.com\/en\/wp-json\/wp\/v2\/types\/product"}],"wp:featuredmedia":[{"embeddable":true,"href":"https:\/\/pro.hydrao.com\/en\/wp-json\/wp\/v2\/media\/13486"}],"wp:attachment":[{"href":"https:\/\/pro.hydrao.com\/en\/wp-json\/wp\/v2\/media?parent=13485"}],"wp:term":[{"taxonomy":"product_cat","embeddable":true,"href":"https:\/\/pro.hydrao.com\/en\/wp-json\/wp\/v2\/product_cat?post=13485"},{"taxonomy":"product_tag","embeddable":true,"href":"https:\/\/pro.hydrao.com\/en\/wp-json\/wp\/v2\/product_tag?post=13485"}],"curies":[{"name":"wp","href":"https:\/\/api.w.org\/{rel}","templated":true}]}}