{"id":15166,"date":"2024-03-25T15:04:12","date_gmt":"2024-03-25T14:04:12","guid":{"rendered":"https:\/\/pro.hydrao.com\/?post_type=product&#038;p=15166"},"modified":"2024-03-25T17:40:58","modified_gmt":"2024-03-25T16:40:58","slug":"colonne-de-douche-noir-mat","status":"publish","type":"product","link":"https:\/\/pro.hydrao.com\/en\/produit\/colonne-de-douche-noir-mat\/","title":{"rendered":"Colonne de douche Noir Mat"},"content":{"rendered":"<p>Robinet thermostatique<br \/>\n&#8211; double sortie \u00e9quip\u00e9e d\u2019une cartouche thermostatique avecbulbe de fabrication fran\u00e7aise, garantie 5 ans<br \/>\n&#8211; But\u00e9e anti-brulure \u00e0 38\u00b0C, afin de garantir la s\u00e9curit\u00e9 des enfants<br \/>\n<br \/>\nLe pommeau de douche Aloe<br \/>\n&#8211; Facile d\u2019installation ce pommeau de douche est compatible avec tous types de support gr\u00e2ce \u00e0 son embout universel (m\u00e2le \u00bd\u201d).<br \/>\n&#8211; Ce pommeau poss\u00e8de une technologie Multi-jet \u00e0 3 positions (pluie, massage et mixte).<br \/>\n&#8211; Un limiteur de d\u00e9bit est fourni, mais son installation est optionnelle.<br \/>\n&#8211; Le d\u00e9bit maximum de ce pommeau est de 6,6L \/ min avec limiteur install\u00e9 soit une \u00e9conomie de 45% par rapport \u00e0 un pommeau standard (12L \/ Min).<br \/>\n<br \/>\nLe ciel de pluie<br \/>\n &#8211; 65% d\u2019\u00e9conomies gr\u00e2ce \u00e0 la conception basse consommation \u00e0 6,6L\/Min.<br \/>\n &#8211; 20% d\u2019\u00e9conomies par le changement de comportement.<br \/>\n &#8211; Un jeu de lumi\u00e8res indique en temps r\u00e9el le volume d&#8217;eau utilis\u00e9e.<br \/>\n<br \/>\nLe flexible<br \/>\n&#8211; Raccord parfait avec le pommeau Alo\u00e9<br \/>\n&#8211; Ultra solide et souple<br \/>\n&#8211; Anti pliure (garantie d\u00e9bit constant)<br \/>\n&#8211; Double \u00e9crou de rotation<\/p>\n","protected":false},"excerpt":{"rendered":"<p>Ce pack comprend :<br \/>\n&#8211; Un pommeau de douche Aloe<br \/>\n&#8211; Un ciel de pluie Yucca<br \/>\n&#8211; Un flexible de douche anti-torsion<br \/>\n&#8211; Robinet thermostatique double sortie \u00e9quip\u00e9e d\u2019une cartouche thermostatique avec<br \/>\nbulbe de fabrication fran\u00e7aise, garantie 5 ans<\/p>\n","protected":false},"featured_media":15167,"template":"","meta":[],"product_cat":[84,80],"product_tag":[],"yoast_head":"<!-- This site is optimized with the Yoast SEO plugin v16.2 - https:\/\/yoast.com\/wordpress\/plugins\/seo\/ -->\n<title>Colonne de douche Noir Mat - HYDRAO | Professional Solutions<\/title>\n<meta name=\"robots\" content=\"noindex, nofollow\" \/>\n<meta property=\"og:locale\" content=\"en_US\" \/>\n<meta property=\"og:type\" content=\"article\" \/>\n<meta property=\"og:title\" content=\"Colonne de douche Noir Mat - HYDRAO | Professional Solutions\" \/>\n<meta property=\"og:description\" content=\"Ce pack comprend :  - Un pommeau de douche Aloe - Un ciel de pluie Yucca - Un flexible de douche anti-torsion - Robinet thermostatique double sortie \u00e9quip\u00e9e d\u2019une cartouche thermostatique avec bulbe de fabrication fran\u00e7aise, garantie 5 ans\" \/>\n<meta property=\"og:url\" content=\"https:\/\/pro.hydrao.com\/produit\/colonne-de-douche-noir-mat\/\" \/>\n<meta property=\"og:site_name\" content=\"HYDRAO | Professional Solutions\" \/>\n<meta property=\"article:publisher\" content=\"https:\/\/www.facebook.com\/Hydrao.smartshower\/\" \/>\n<meta property=\"article:modified_time\" content=\"2024-03-25T16:40:58+00:00\" \/>\n<meta property=\"og:image\" content=\"https:\/\/pro.hydrao.com\/wp-content\/uploads\/2024\/03\/Pack-Colonne-De-Douche-Noir-Mat-min.png\" \/>\n\t<meta property=\"og:image:width\" content=\"800\" \/>\n\t<meta property=\"og:image:height\" content=\"800\" \/>\n<meta name=\"twitter:card\" content=\"summary_large_image\" \/>\n<meta name=\"twitter:site\" content=\"@Hydrao_\" \/>\n<meta name=\"twitter:label1\" content=\"Est. reading time\">\n\t<meta name=\"twitter:data1\" content=\"1 minute\">\n<script type=\"application\/ld+json\" class=\"yoast-schema-graph\">{\"@context\":\"https:\/\/schema.org\",\"@graph\":[{\"@type\":\"Organization\",\"@id\":\"https:\/\/pro.hydrao.com\/#organization\",\"name\":\"HYDRAO\",\"url\":\"https:\/\/pro.hydrao.com\/\",\"sameAs\":[\"https:\/\/www.facebook.com\/Hydrao.smartshower\/\",\"https:\/\/www.linkedin.com\/company-beta\/5353857\/\",\"https:\/\/www.youtube.com\/channel\/UCwQfdEIplJ_LEtTZWcSfjwQ\",\"https:\/\/twitter.com\/Hydrao_\"],\"logo\":{\"@type\":\"ImageObject\",\"@id\":\"https:\/\/pro.hydrao.com\/#logo\",\"inLanguage\":\"en-US\",\"url\":\"https:\/\/pro.hydrao.com\/wp-content\/uploads\/2017\/03\/hydrao-pro-logo-blue.png\",\"contentUrl\":\"https:\/\/pro.hydrao.com\/wp-content\/uploads\/2017\/03\/hydrao-pro-logo-blue.png\",\"width\":255,\"height\":24,\"caption\":\"HYDRAO\"},\"image\":{\"@id\":\"https:\/\/pro.hydrao.com\/#logo\"}},{\"@type\":\"WebSite\",\"@id\":\"https:\/\/pro.hydrao.com\/#website\",\"url\":\"https:\/\/pro.hydrao.com\/\",\"name\":\"HYDRAO | Professional Solutions\",\"description\":\"Smart Solutions for Water Conservation and Management\",\"publisher\":{\"@id\":\"https:\/\/pro.hydrao.com\/#organization\"},\"potentialAction\":[{\"@type\":\"SearchAction\",\"target\":\"https:\/\/pro.hydrao.com\/?s={search_term_string}\",\"query-input\":\"required name=search_term_string\"}],\"inLanguage\":\"en-US\"},{\"@type\":\"ImageObject\",\"@id\":\"https:\/\/pro.hydrao.com\/produit\/colonne-de-douche-noir-mat\/#primaryimage\",\"inLanguage\":\"en-US\",\"url\":\"https:\/\/pro.hydrao.com\/wp-content\/uploads\/2024\/03\/Pack-Colonne-De-Douche-Noir-Mat-min.png\",\"contentUrl\":\"https:\/\/pro.hydrao.com\/wp-content\/uploads\/2024\/03\/Pack-Colonne-De-Douche-Noir-Mat-min.png\",\"width\":800,\"height\":800},{\"@type\":\"WebPage\",\"@id\":\"https:\/\/pro.hydrao.com\/produit\/colonne-de-douche-noir-mat\/#webpage\",\"url\":\"https:\/\/pro.hydrao.com\/produit\/colonne-de-douche-noir-mat\/\",\"name\":\"Colonne de douche Noir Mat - HYDRAO | Professional Solutions\",\"isPartOf\":{\"@id\":\"https:\/\/pro.hydrao.com\/#website\"},\"primaryImageOfPage\":{\"@id\":\"https:\/\/pro.hydrao.com\/produit\/colonne-de-douche-noir-mat\/#primaryimage\"},\"datePublished\":\"2024-03-25T14:04:12+00:00\",\"dateModified\":\"2024-03-25T16:40:58+00:00\",\"breadcrumb\":{\"@id\":\"https:\/\/pro.hydrao.com\/produit\/colonne-de-douche-noir-mat\/#breadcrumb\"},\"inLanguage\":\"en-US\",\"potentialAction\":[{\"@type\":\"ReadAction\",\"target\":[\"https:\/\/pro.hydrao.com\/produit\/colonne-de-douche-noir-mat\/\"]}]},{\"@type\":\"BreadcrumbList\",\"@id\":\"https:\/\/pro.hydrao.com\/produit\/colonne-de-douche-noir-mat\/#breadcrumb\",\"itemListElement\":[{\"@type\":\"ListItem\",\"position\":1,\"item\":{\"@type\":\"WebPage\",\"@id\":\"https:\/\/pro.hydrao.com\/en\/\",\"url\":\"https:\/\/pro.hydrao.com\/en\/\",\"name\":\"Home\"}},{\"@type\":\"ListItem\",\"position\":2,\"item\":{\"@type\":\"WebPage\",\"@id\":\"https:\/\/pro.hydrao.com\/boutique\/\",\"url\":\"https:\/\/pro.hydrao.com\/boutique\/\",\"name\":\"Boutique\"}},{\"@type\":\"ListItem\",\"position\":3,\"item\":{\"@id\":\"https:\/\/pro.hydrao.com\/produit\/colonne-de-douche-noir-mat\/#webpage\"}}]}]}<\/script>\n<!-- \/ Yoast SEO plugin. -->","_links":{"self":[{"href":"https:\/\/pro.hydrao.com\/en\/wp-json\/wp\/v3\/product\/15166"}],"collection":[{"href":"https:\/\/pro.hydrao.com\/en\/wp-json\/wp\/v3\/product"}],"about":[{"href":"https:\/\/pro.hydrao.com\/en\/wp-json\/wp\/v2\/types\/product"}],"wp:featuredmedia":[{"embeddable":true,"href":"https:\/\/pro.hydrao.com\/en\/wp-json\/wp\/v2\/media\/15167"}],"wp:attachment":[{"href":"https:\/\/pro.hydrao.com\/en\/wp-json\/wp\/v2\/media?parent=15166"}],"wp:term":[{"taxonomy":"product_cat","embeddable":true,"href":"https:\/\/pro.hydrao.com\/en\/wp-json\/wp\/v2\/product_cat?post=15166"},{"taxonomy":"product_tag","embeddable":true,"href":"https:\/\/pro.hydrao.com\/en\/wp-json\/wp\/v2\/product_tag?post=15166"}],"curies":[{"name":"wp","href":"https:\/\/api.w.org\/{rel}","templated":true}]}}